{"id":72,"date":"2021-06-10T11:25:42","date_gmt":"2021-06-10T09:25:42","guid":{"rendered":"http:\/\/inbul.testyxtraweb.pl\/?page_id=72"},"modified":"2021-08-24T13:32:32","modified_gmt":"2021-08-24T11:32:32","slug":"pomiary-3d","status":"publish","type":"page","link":"https:\/\/inbul.pl\/en\/co-robimy\/pomiary-3d\/","title":{"rendered":"3D measurement"},"content":{"rendered":"<div data-elementor-type=\"wp-page\" data-elementor-id=\"72\" class=\"elementor elementor-72\" data-elementor-settings=\"[]\">\n\t\t\t\t\t\t<div class=\"elementor-inner\">\n\t\t\t\t\t\t\t<div class=\"elementor-section-wrap\">\n\t\t\t\t\t\t\t<section class=\"has_eae_slider elementor-section elementor-top-section elementor-element elementor-element-f6fdf30 elementor-section-full_width elementor-section-height-default elementor-section-height-default\" data-id=\"f6fdf30\" data-element_type=\"section\" data-settings=\"{&quot;background_background&quot;:&quot;classic&quot;}\">\n\t\t\t\t\t\t<div class=\"elementor-container elementor-column-gap-default\">\n\t\t\t\t\t\t\t<div class=\"elementor-row\">\n\t\t\t\t\t<div class=\"has_eae_slider elementor-column elementor-col-50 elementor-top-column elementor-element elementor-element-0450ec9\" data-id=\"0450ec9\" data-element_type=\"column\" data-settings=\"{&quot;background_background&quot;:&quot;classic&quot;}\">\n\t\t\t<div class=\"elementor-column-wrap elementor-element-populated\">\n\t\t\t\t\t\t\t<div class=\"elementor-widget-wrap\">\n\t\t\t\t\t\t<div class=\"elementor-element elementor-element-731a27f elementor-widget elementor-widget-heading\" data-id=\"731a27f\" data-element_type=\"widget\" data-widget_type=\"heading.default\">\n\t\t\t\t<div class=\"elementor-widget-container\">\n\t\t\t<h2 class=\"elementor-heading-title elementor-size-default\">EXPERIENCE<\/h2>\t\t<\/div>\n\t\t\t\t<\/div>\n\t\t\t\t<div class=\"elementor-element elementor-element-4885ba7 elementor-absolute elementor-hidden-phone elementor-widget elementor-widget-image\" data-id=\"4885ba7\" data-element_type=\"widget\" data-settings=\"{&quot;_position&quot;:&quot;absolute&quot;}\" data-widget_type=\"image.default\">\n\t\t\t\t<div class=\"elementor-widget-container\">\n\t\t\t\t\t\t\t\t<div class=\"elementor-image\">\n\t\t\t\t\t\t\t\t\t\t\t\t<img loading=\"lazy\" decoding=\"async\" width=\"49\" height=\"39\" src=\"https:\/\/inbul.pl\/wp-content\/uploads\/2021\/07\/element-1.png\" class=\"attachment-full size-full\" alt=\"\" \/>\t\t\t\t\t\t\t\t\t\t\t\t\t\t<\/div>\n\t\t\t\t\t\t<\/div>\n\t\t\t\t<\/div>\n\t\t\t\t<div class=\"elementor-element elementor-element-74cc349 elementor-widget elementor-widget-text-editor\" data-id=\"74cc349\" data-element_type=\"widget\" data-widget_type=\"text-editor.default\">\n\t\t\t\t<div class=\"elementor-widget-container\">\n\t\t\t\t\t\t\t\t<div class=\"elementor-text-editor elementor-clearfix\">\n\t\t\t\t<p>IN-BUL has many years of experience in 3D measurement<\/p>\t\t\t\t\t<\/div>\n\t\t\t\t\t\t<\/div>\n\t\t\t\t<\/div>\n\t\t\t\t<div class=\"elementor-element elementor-element-35485e1 elementor-widget-divider--view-line elementor-invisible elementor-widget elementor-widget-divider\" data-id=\"35485e1\" data-element_type=\"widget\" data-settings=\"{&quot;_animation&quot;:&quot;zoomInLeft&quot;}\" data-widget_type=\"divider.default\">\n\t\t\t\t<div class=\"elementor-widget-container\">\n\t\t\t\t\t<div class=\"elementor-divider\">\n\t\t\t<span class=\"elementor-divider-separator\">\n\t\t\t\t\t\t<\/span>\n\t\t<\/div>\n\t\t\t\t<\/div>\n\t\t\t\t<\/div>\n\t\t\t\t\t\t<\/div>\n\t\t\t\t\t<\/div>\n\t\t<\/div>\n\t\t\t\t<div class=\"has_eae_slider elementor-column elementor-col-50 elementor-top-column elementor-element elementor-element-2deab78\" data-id=\"2deab78\" data-element_type=\"column\" data-settings=\"{&quot;background_background&quot;:&quot;classic&quot;}\">\n\t\t\t<div class=\"elementor-column-wrap elementor-element-populated\">\n\t\t\t\t\t\t\t<div class=\"elementor-widget-wrap\">\n\t\t\t\t\t\t<div class=\"elementor-element elementor-element-a372664 elementor-widget elementor-widget-text-editor\" data-id=\"a372664\" data-element_type=\"widget\" data-widget_type=\"text-editor.default\">\n\t\t\t\t<div class=\"elementor-widget-container\">\n\t\t\t\t\t\t\t\t<div class=\"elementor-text-editor elementor-clearfix\">\n\t\t\t\t<strong>3D measurement<\/strong> allows precise dimensional inspection of the whole steel structures and their single parts. <strong>Dimensional inspection of the large-size parts<\/strong> is carried out with the use of mobile coordinate measuring machines such as Leica Tracker AT 402 laser or three measuring arms of Romer Arm  (7525\/7530\/7535) which enable very accurate measurement of the large-size parts up to several dozen meters in length. We also possess a stationary coordinate measuring machine (CMM) which is able to measure items with the dimensions of up to 700 x 600x 450 mm. In addition, we have a lot of traditional measuring tools at our disposal. We work in accordance with ASME Y14.5 and\/or ISO 1101 depending on project requirements and our team consists of only qualified operators with extensive metrological experience.\t\t\t\t\t<\/div>\n\t\t\t\t\t\t<\/div>\n\t\t\t\t<\/div>\n\t\t\t\t\t\t<\/div>\n\t\t\t\t\t<\/div>\n\t\t<\/div>\n\t\t\t\t\t\t\t\t<\/div>\n\t\t\t\t\t<\/div>\n\t\t<\/section>\n\t\t\t\t<section class=\"has_eae_slider elementor-section elementor-top-section elementor-element elementor-element-b0a0307 elementor-section-full_width elementor-section-height-default elementor-section-height-default\" data-id=\"b0a0307\" data-element_type=\"section\" data-settings=\"{&quot;background_background&quot;:&quot;classic&quot;}\">\n\t\t\t\t\t\t<div class=\"elementor-container elementor-column-gap-default\">\n\t\t\t\t\t\t\t<div class=\"elementor-row\">\n\t\t\t\t\t<div class=\"has_eae_slider elementor-column elementor-col-100 elementor-top-column elementor-element elementor-element-32b5d6e\" data-id=\"32b5d6e\" data-element_type=\"column\">\n\t\t\t<div class=\"elementor-column-wrap elementor-element-populated\">\n\t\t\t\t\t\t\t<div class=\"elementor-widget-wrap\">\n\t\t\t\t\t\t<section class=\"has_eae_slider elementor-section elementor-inner-section elementor-element elementor-element-83b0b00 elementor-section-full_width elementor-section-height-default elementor-section-height-default\" data-id=\"83b0b00\" data-element_type=\"section\" data-settings=\"{&quot;background_background&quot;:&quot;classic&quot;}\">\n\t\t\t\t\t\t<div class=\"elementor-container elementor-column-gap-no\">\n\t\t\t\t\t\t\t<div class=\"elementor-row\">\n\t\t\t\t\t<div class=\"has_eae_slider elementor-column elementor-col-50 elementor-inner-column elementor-element elementor-element-68f385b\" data-id=\"68f385b\" data-element_type=\"column\">\n\t\t\t<div class=\"elementor-column-wrap elementor-element-populated\">\n\t\t\t\t\t\t\t<div class=\"elementor-widget-wrap\">\n\t\t\t\t\t\t<div class=\"elementor-element elementor-element-e327de1 elementor-hidden-phone elementor-invisible elementor-widget elementor-widget-image\" data-id=\"e327de1\" data-element_type=\"widget\" data-settings=\"{&quot;_animation&quot;:&quot;fadeInLeft&quot;}\" data-widget_type=\"image.default\">\n\t\t\t\t<div class=\"elementor-widget-container\">\n\t\t\t\t\t\t\t\t<div class=\"elementor-image\">\n\t\t\t\t\t\t\t\t\t\t\t\t<img loading=\"lazy\" decoding=\"async\" width=\"817\" height=\"81\" src=\"https:\/\/inbul.pl\/wp-content\/uploads\/2021\/06\/lewy-gorny.png\" class=\"attachment-full size-full\" alt=\"\" srcset=\"https:\/\/inbul.pl\/wp-content\/uploads\/2021\/06\/lewy-gorny.png 817w, https:\/\/inbul.pl\/wp-content\/uploads\/2021\/06\/lewy-gorny-300x30.png 300w, https:\/\/inbul.pl\/wp-content\/uploads\/2021\/06\/lewy-gorny-768x76.png 768w\" sizes=\"auto, (max-width: 817px) 100vw, 817px\" \/>\t\t\t\t\t\t\t\t\t\t\t\t\t\t<\/div>\n\t\t\t\t\t\t<\/div>\n\t\t\t\t<\/div>\n\t\t\t\t\t\t<\/div>\n\t\t\t\t\t<\/div>\n\t\t<\/div>\n\t\t\t\t<div class=\"has_eae_slider elementor-column elementor-col-50 elementor-inner-column elementor-element elementor-element-9bf1dc2\" data-id=\"9bf1dc2\" data-element_type=\"column\">\n\t\t\t<div class=\"elementor-column-wrap elementor-element-populated\">\n\t\t\t\t\t\t\t<div class=\"elementor-widget-wrap\">\n\t\t\t\t\t\t<div class=\"elementor-element elementor-element-0d7186e elementor-invisible elementor-widget elementor-widget-image\" data-id=\"0d7186e\" data-element_type=\"widget\" data-settings=\"{&quot;_animation&quot;:&quot;fadeInRight&quot;}\" data-widget_type=\"image.default\">\n\t\t\t\t<div class=\"elementor-widget-container\">\n\t\t\t\t\t\t\t\t<div class=\"elementor-image\">\n\t\t\t\t\t\t\t\t\t\t\t\t<img loading=\"lazy\" decoding=\"async\" width=\"819\" height=\"81\" src=\"https:\/\/inbul.pl\/wp-content\/uploads\/2021\/06\/gorny-prawy.png\" class=\"attachment-full size-full\" alt=\"\" srcset=\"https:\/\/inbul.pl\/wp-content\/uploads\/2021\/06\/gorny-prawy.png 819w, https:\/\/inbul.pl\/wp-content\/uploads\/2021\/06\/gorny-prawy-300x30.png 300w, https:\/\/inbul.pl\/wp-content\/uploads\/2021\/06\/gorny-prawy-768x76.png 768w\" sizes=\"auto, (max-width: 819px) 100vw, 819px\" \/>\t\t\t\t\t\t\t\t\t\t\t\t\t\t<\/div>\n\t\t\t\t\t\t<\/div>\n\t\t\t\t<\/div>\n\t\t\t\t\t\t<\/div>\n\t\t\t\t\t<\/div>\n\t\t<\/div>\n\t\t\t\t\t\t\t\t<\/div>\n\t\t\t\t\t<\/div>\n\t\t<\/section>\n\t\t\t\t<section class=\"has_eae_slider elementor-section elementor-inner-section elementor-element elementor-element-f2b519d elementor-section-full_width elementor-section-height-default elementor-section-height-default\" data-id=\"f2b519d\" data-element_type=\"section\" data-settings=\"{&quot;background_background&quot;:&quot;classic&quot;}\">\n\t\t\t\t\t\t<div class=\"elementor-container elementor-column-gap-default\">\n\t\t\t\t\t\t\t<div class=\"elementor-row\">\n\t\t\t\t\t\t\t\t\t<\/div>\n\t\t\t\t\t<\/div>\n\t\t<\/section>\n\t\t\t\t\t\t<\/div>\n\t\t\t\t\t<\/div>\n\t\t<\/div>\n\t\t\t\t\t\t\t\t<\/div>\n\t\t\t\t\t<\/div>\n\t\t<\/section>\n\t\t\t\t<section class=\"has_eae_slider elementor-section elementor-top-section elementor-element elementor-element-0fbc32f elementor-section-full_width elementor-section-height-default elementor-section-height-default\" data-id=\"0fbc32f\" data-element_type=\"section\" data-settings=\"{&quot;background_background&quot;:&quot;classic&quot;}\">\n\t\t\t\t\t\t<div class=\"elementor-container elementor-column-gap-default\">\n\t\t\t\t\t\t\t<div class=\"elementor-row\">\n\t\t\t\t\t<div class=\"has_eae_slider elementor-column elementor-col-100 elementor-top-column elementor-element elementor-element-065b95c\" data-id=\"065b95c\" data-element_type=\"column\">\n\t\t\t<div class=\"elementor-column-wrap elementor-element-populated\">\n\t\t\t\t\t\t\t<div class=\"elementor-widget-wrap\">\n\t\t\t\t\t\t<section class=\"has_eae_slider elementor-section elementor-inner-section elementor-element elementor-element-b381d17 oferta elementor-section-boxed elementor-section-height-default elementor-section-height-default\" data-id=\"b381d17\" data-element_type=\"section\">\n\t\t\t\t\t\t<div class=\"elementor-container elementor-column-gap-default\">\n\t\t\t\t\t\t\t<div class=\"elementor-row\">\n\t\t\t\t\t<div class=\"has_eae_slider elementor-column elementor-col-100 elementor-inner-column elementor-element elementor-element-4ffca1f\" data-id=\"4ffca1f\" data-element_type=\"column\" data-settings=\"{&quot;background_background&quot;:&quot;classic&quot;}\">\n\t\t\t<div class=\"elementor-column-wrap elementor-element-populated\">\n\t\t\t\t\t\t\t<div class=\"elementor-widget-wrap\">\n\t\t\t\t\t\t<div class=\"elementor-element elementor-element-9092fcd elementor-aspect-ratio-169 elementor-widget elementor-widget-video\" data-id=\"9092fcd\" data-element_type=\"widget\" data-settings=\"{&quot;video_type&quot;:&quot;hosted&quot;,&quot;autoplay&quot;:&quot;yes&quot;,&quot;play_on_mobile&quot;:&quot;yes&quot;,&quot;mute&quot;:&quot;yes&quot;,&quot;loop&quot;:&quot;yes&quot;,&quot;aspect_ratio&quot;:&quot;169&quot;}\" data-widget_type=\"video.default\">\n\t\t\t\t<div class=\"elementor-widget-container\">\n\t\t\t\t\t<div class=\"e-hosted-video elementor-wrapper elementor-fit-aspect-ratio elementor-open-inline\">\n\t\t\t\t\t<video class=\"elementor-video\" src=\"http:\/\/inbul.pl\/wp-content\/uploads\/2021\/07\/pomiar-3d_1.mp4\" autoplay=\"\" loop=\"\" muted=\"muted\" playsinline=\"\" controlslist=\"nodownload\"><\/video>\n\t\t\t\t<\/div>\n\t\t\t\t<\/div>\n\t\t\t\t<\/div>\n\t\t\t\t<div class=\"elementor-element elementor-element-63fdcf7 tekst elementor-widget elementor-widget-heading\" data-id=\"63fdcf7\" data-element_type=\"widget\" data-widget_type=\"heading.default\">\n\t\t\t\t<div class=\"elementor-widget-container\">\n\t\t\t<h2 class=\"elementor-heading-title elementor-size-default\">3D MEASUREMENT<\/h2>\t\t<\/div>\n\t\t\t\t<\/div>\n\t\t\t\t<div class=\"elementor-element elementor-element-2eb63fb elementor-widget-divider--view-line elementor-invisible elementor-widget elementor-widget-divider\" data-id=\"2eb63fb\" data-element_type=\"widget\" data-settings=\"{&quot;_animation&quot;:&quot;zoomIn&quot;}\" data-widget_type=\"divider.default\">\n\t\t\t\t<div class=\"elementor-widget-container\">\n\t\t\t\t\t<div class=\"elementor-divider\">\n\t\t\t<span class=\"elementor-divider-separator\">\n\t\t\t\t\t\t<\/span>\n\t\t<\/div>\n\t\t\t\t<\/div>\n\t\t\t\t<\/div>\n\t\t\t\t\t\t<\/div>\n\t\t\t\t\t<\/div>\n\t\t<\/div>\n\t\t\t\t\t\t\t\t<\/div>\n\t\t\t\t\t<\/div>\n\t\t<\/section>\n\t\t\t\t\t\t<\/div>\n\t\t\t\t\t<\/div>\n\t\t<\/div>\n\t\t\t\t\t\t\t\t<\/div>\n\t\t\t\t\t<\/div>\n\t\t<\/section>\n\t\t\t\t\t\t<\/div>\n\t\t\t\t\t\t<\/div>\n\t\t\t\t\t<\/div>","protected":false},"excerpt":{"rendered":"<p>Do\u015bwiadczenie Firma IN-BUL posiada wieloletnie do\u015bwiadczenie w wykonywaniu pomiar\u00f3w 3D Pomiary 3D polegaj\u0105 na precyzyjnej inspekcji wymiarowej ca\u0142ych konstrukcji stalowych i ich poszczeg\u00f3lnych element\u00f3w. Pomiary wielkogabarytowe wykonujemy\u00a0za pomoc\u0105 przeno\u015bnych wsp\u00f3\u0142rz\u0119dno\u015bciowych urz\u0105dze\u0144 pomiarowych, takich jak laser Leica Tracker AT 402 oraz trzech ramion pomiarowych Romer Arm\u00a0 (7525\/7530\/7535), kt\u00f3re umo\u017cliwiaj\u0105 wykonanie bardzo precyzyjnych pomiar\u00f3w wielkich gabaryt\u00f3w do [&hellip;]<\/p>","protected":false},"author":2,"featured_media":1873,"parent":52,"menu_order":0,"comment_status":"closed","ping_status":"closed","template":"","meta":{"footnotes":""},"class_list":["post-72","page","type-page","status-publish","has-post-thumbnail","hentry"],"acf":[],"yoast_head":"<!-- This site is optimized with the Yoast SEO plugin v19.13 - https:\/\/yoast.com\/wordpress\/plugins\/seo\/ -->\n<title>Pomiary 3d - IN-BUL - Konstrukcje stalowe<\/title>\n<meta name=\"robots\" content=\"index, follow, max-snippet:-1, max-image-preview:large, max-video-preview:-1\" \/>\n<link rel=\"canonical\" href=\"https:\/\/inbul.pl\/en\/co-robimy\/pomiary-3d\/\" \/>\n<meta property=\"og:locale\" content=\"en_GB\" \/>\n<meta property=\"og:type\" content=\"article\" \/>\n<meta property=\"og:title\" content=\"Pomiary 3d - IN-BUL - Konstrukcje stalowe\" \/>\n<meta property=\"og:description\" content=\"Do\u015bwiadczenie Firma IN-BUL posiada wieloletnie do\u015bwiadczenie w wykonywaniu pomiar\u00f3w 3D Pomiary 3D polegaj\u0105 na precyzyjnej inspekcji wymiarowej ca\u0142ych konstrukcji stalowych i ich poszczeg\u00f3lnych element\u00f3w. Pomiary wielkogabarytowe wykonujemy\u00a0za pomoc\u0105 przeno\u015bnych wsp\u00f3\u0142rz\u0119dno\u015bciowych urz\u0105dze\u0144 pomiarowych, takich jak laser Leica Tracker AT 402 oraz trzech ramion pomiarowych Romer Arm\u00a0 (7525\/7530\/7535), kt\u00f3re umo\u017cliwiaj\u0105 wykonanie bardzo precyzyjnych pomiar\u00f3w wielkich gabaryt\u00f3w do [&hellip;]\" \/>\n<meta property=\"og:url\" content=\"https:\/\/inbul.pl\/en\/co-robimy\/pomiary-3d\/\" \/>\n<meta property=\"og:site_name\" content=\"IN-BUL - Konstrukcje stalowe\" \/>\n<meta property=\"article:modified_time\" content=\"2021-08-24T11:32:32+00:00\" \/>\n<meta property=\"og:image\" content=\"https:\/\/inbul.pl\/wp-content\/uploads\/2021\/07\/laser.png\" \/>\n\t<meta property=\"og:image:width\" content=\"2312\" \/>\n\t<meta property=\"og:image:height\" content=\"1736\" \/>\n\t<meta property=\"og:image:type\" content=\"image\/png\" \/>\n<meta name=\"twitter:card\" content=\"summary_large_image\" \/>\n<meta name=\"twitter:label1\" content=\"Estimated reading time\" \/>\n\t<meta name=\"twitter:data1\" content=\"2 minutes\" \/>\n<script type=\"application\/ld+json\" class=\"yoast-schema-graph\">{\"@context\":\"https:\/\/schema.org\",\"@graph\":[{\"@type\":\"WebPage\",\"@id\":\"https:\/\/inbul.pl\/en\/co-robimy\/pomiary-3d\/\",\"url\":\"https:\/\/inbul.pl\/en\/co-robimy\/pomiary-3d\/\",\"name\":\"Pomiary 3d - IN-BUL - Konstrukcje stalowe\",\"isPartOf\":{\"@id\":\"https:\/\/inbul.pl\/#website\"},\"datePublished\":\"2021-06-10T09:25:42+00:00\",\"dateModified\":\"2021-08-24T11:32:32+00:00\",\"breadcrumb\":{\"@id\":\"https:\/\/inbul.pl\/en\/co-robimy\/pomiary-3d\/#breadcrumb\"},\"inLanguage\":\"en-GB\",\"potentialAction\":[{\"@type\":\"ReadAction\",\"target\":[\"https:\/\/inbul.pl\/en\/co-robimy\/pomiary-3d\/\"]}]},{\"@type\":\"BreadcrumbList\",\"@id\":\"https:\/\/inbul.pl\/en\/co-robimy\/pomiary-3d\/#breadcrumb\",\"itemListElement\":[{\"@type\":\"ListItem\",\"position\":1,\"name\":\"Strona g\u0142\u00f3wna\",\"item\":\"https:\/\/inbul.pl\/\"},{\"@type\":\"ListItem\",\"position\":2,\"name\":\"Co robimy\",\"item\":\"http:\/\/inbul.pl\/co-robimy\/\"},{\"@type\":\"ListItem\",\"position\":3,\"name\":\"Pomiary 3d\"}]},{\"@type\":\"WebSite\",\"@id\":\"https:\/\/inbul.pl\/#website\",\"url\":\"https:\/\/inbul.pl\/\",\"name\":\"IN-BUL - Konstrukcje stalowe\",\"description\":\"Solidno\u015b\u0107 partnerstwa w biznesie\",\"publisher\":{\"@id\":\"https:\/\/inbul.pl\/#organization\"},\"potentialAction\":[{\"@type\":\"SearchAction\",\"target\":{\"@type\":\"EntryPoint\",\"urlTemplate\":\"https:\/\/inbul.pl\/?s={search_term_string}\"},\"query-input\":\"required name=search_term_string\"}],\"inLanguage\":\"en-GB\"},{\"@type\":\"Organization\",\"@id\":\"https:\/\/inbul.pl\/#organization\",\"name\":\"IN-BUL - Konstrukcje stalowe\",\"url\":\"https:\/\/inbul.pl\/\",\"logo\":{\"@type\":\"ImageObject\",\"inLanguage\":\"en-GB\",\"@id\":\"https:\/\/inbul.pl\/#\/schema\/logo\/image\/\",\"url\":\"https:\/\/inbul.pl\/wp-content\/uploads\/2021\/06\/Logo-IN-BUL-white.png\",\"contentUrl\":\"https:\/\/inbul.pl\/wp-content\/uploads\/2021\/06\/Logo-IN-BUL-white.png\",\"width\":682,\"height\":253,\"caption\":\"IN-BUL - Konstrukcje stalowe\"},\"image\":{\"@id\":\"https:\/\/inbul.pl\/#\/schema\/logo\/image\/\"}}]}<\/script>\n<!-- \/ Yoast SEO plugin. -->","yoast_head_json":{"title":"Pomiary 3d - IN-BUL - Konstrukcje stalowe","robots":{"index":"index","follow":"follow","max-snippet":"max-snippet:-1","max-image-preview":"max-image-preview:large","max-video-preview":"max-video-preview:-1"},"canonical":"https:\/\/inbul.pl\/en\/co-robimy\/pomiary-3d\/","og_locale":"en_GB","og_type":"article","og_title":"Pomiary 3d - IN-BUL - Konstrukcje stalowe","og_description":"Do\u015bwiadczenie Firma IN-BUL posiada wieloletnie do\u015bwiadczenie w wykonywaniu pomiar\u00f3w 3D Pomiary 3D polegaj\u0105 na precyzyjnej inspekcji wymiarowej ca\u0142ych konstrukcji stalowych i ich poszczeg\u00f3lnych element\u00f3w. Pomiary wielkogabarytowe wykonujemy\u00a0za pomoc\u0105 przeno\u015bnych wsp\u00f3\u0142rz\u0119dno\u015bciowych urz\u0105dze\u0144 pomiarowych, takich jak laser Leica Tracker AT 402 oraz trzech ramion pomiarowych Romer Arm\u00a0 (7525\/7530\/7535), kt\u00f3re umo\u017cliwiaj\u0105 wykonanie bardzo precyzyjnych pomiar\u00f3w wielkich gabaryt\u00f3w do [&hellip;]","og_url":"https:\/\/inbul.pl\/en\/co-robimy\/pomiary-3d\/","og_site_name":"IN-BUL - Konstrukcje stalowe","article_modified_time":"2021-08-24T11:32:32+00:00","og_image":[{"width":2312,"height":1736,"url":"https:\/\/inbul.pl\/wp-content\/uploads\/2021\/07\/laser.png","type":"image\/png"}],"twitter_card":"summary_large_image","twitter_misc":{"Estimated reading time":"2 minutes"},"schema":{"@context":"https:\/\/schema.org","@graph":[{"@type":"WebPage","@id":"https:\/\/inbul.pl\/en\/co-robimy\/pomiary-3d\/","url":"https:\/\/inbul.pl\/en\/co-robimy\/pomiary-3d\/","name":"Pomiary 3d - IN-BUL - Konstrukcje stalowe","isPartOf":{"@id":"https:\/\/inbul.pl\/#website"},"datePublished":"2021-06-10T09:25:42+00:00","dateModified":"2021-08-24T11:32:32+00:00","breadcrumb":{"@id":"https:\/\/inbul.pl\/en\/co-robimy\/pomiary-3d\/#breadcrumb"},"inLanguage":"en-GB","potentialAction":[{"@type":"ReadAction","target":["https:\/\/inbul.pl\/en\/co-robimy\/pomiary-3d\/"]}]},{"@type":"BreadcrumbList","@id":"https:\/\/inbul.pl\/en\/co-robimy\/pomiary-3d\/#breadcrumb","itemListElement":[{"@type":"ListItem","position":1,"name":"Strona g\u0142\u00f3wna","item":"https:\/\/inbul.pl\/"},{"@type":"ListItem","position":2,"name":"Co robimy","item":"http:\/\/inbul.pl\/co-robimy\/"},{"@type":"ListItem","position":3,"name":"Pomiary 3d"}]},{"@type":"WebSite","@id":"https:\/\/inbul.pl\/#website","url":"https:\/\/inbul.pl\/","name":"IN-BUL - Konstrukcje stalowe","description":"Solidno\u015b\u0107 partnerstwa w biznesie","publisher":{"@id":"https:\/\/inbul.pl\/#organization"},"potentialAction":[{"@type":"SearchAction","target":{"@type":"EntryPoint","urlTemplate":"https:\/\/inbul.pl\/?s={search_term_string}"},"query-input":"required name=search_term_string"}],"inLanguage":"en-GB"},{"@type":"Organization","@id":"https:\/\/inbul.pl\/#organization","name":"IN-BUL - Konstrukcje stalowe","url":"https:\/\/inbul.pl\/","logo":{"@type":"ImageObject","inLanguage":"en-GB","@id":"https:\/\/inbul.pl\/#\/schema\/logo\/image\/","url":"https:\/\/inbul.pl\/wp-content\/uploads\/2021\/06\/Logo-IN-BUL-white.png","contentUrl":"https:\/\/inbul.pl\/wp-content\/uploads\/2021\/06\/Logo-IN-BUL-white.png","width":682,"height":253,"caption":"IN-BUL - Konstrukcje stalowe"},"image":{"@id":"https:\/\/inbul.pl\/#\/schema\/logo\/image\/"}}]}},"_links":{"self":[{"href":"https:\/\/inbul.pl\/en\/wp-json\/wp\/v2\/pages\/72","targetHints":{"allow":["GET"]}}],"collection":[{"href":"https:\/\/inbul.pl\/en\/wp-json\/wp\/v2\/pages"}],"about":[{"href":"https:\/\/inbul.pl\/en\/wp-json\/wp\/v2\/types\/page"}],"author":[{"embeddable":true,"href":"https:\/\/inbul.pl\/en\/wp-json\/wp\/v2\/users\/2"}],"replies":[{"embeddable":true,"href":"https:\/\/inbul.pl\/en\/wp-json\/wp\/v2\/comments?post=72"}],"version-history":[{"count":63,"href":"https:\/\/inbul.pl\/en\/wp-json\/wp\/v2\/pages\/72\/revisions"}],"predecessor-version":[{"id":2713,"href":"https:\/\/inbul.pl\/en\/wp-json\/wp\/v2\/pages\/72\/revisions\/2713"}],"up":[{"embeddable":true,"href":"https:\/\/inbul.pl\/en\/wp-json\/wp\/v2\/pages\/52"}],"wp:featuredmedia":[{"embeddable":true,"href":"https:\/\/inbul.pl\/en\/wp-json\/wp\/v2\/media\/1873"}],"wp:attachment":[{"href":"https:\/\/inbul.pl\/en\/wp-json\/wp\/v2\/media?parent=72"}],"curies":[{"name":"wp","href":"https:\/\/api.w.org\/{rel}","templated":true}]}}