{"id":70,"date":"2021-06-10T11:24:46","date_gmt":"2021-06-10T09:24:46","guid":{"rendered":"http:\/\/inbul.testyxtraweb.pl\/?page_id=70"},"modified":"2021-09-08T13:26:56","modified_gmt":"2021-09-08T11:26:56","slug":"stanowisko-testowe-i-testy-specjalne","status":"publish","type":"page","link":"https:\/\/inbul.pl\/en\/co-robimy\/stanowisko-testowe-i-testy-specjalne\/","title":{"rendered":"TEST STAND AND SPECIAL TESTS"},"content":{"rendered":"<div data-elementor-type=\"wp-page\" data-elementor-id=\"70\" class=\"elementor elementor-70\" data-elementor-settings=\"[]\">\n\t\t\t\t\t\t<div class=\"elementor-inner\">\n\t\t\t\t\t\t\t<div class=\"elementor-section-wrap\">\n\t\t\t\t\t\t\t<section class=\"has_eae_slider elementor-section elementor-top-section elementor-element elementor-element-82a778b elementor-section-full_width elementor-section-height-default elementor-section-height-default\" data-id=\"82a778b\" data-element_type=\"section\" data-settings=\"{&quot;background_background&quot;:&quot;classic&quot;}\">\n\t\t\t\t\t\t<div class=\"elementor-container elementor-column-gap-default\">\n\t\t\t\t\t\t\t<div class=\"elementor-row\">\n\t\t\t\t\t<div class=\"has_eae_slider elementor-column elementor-col-50 elementor-top-column elementor-element elementor-element-0f336b5\" data-id=\"0f336b5\" data-element_type=\"column\" data-settings=\"{&quot;background_background&quot;:&quot;classic&quot;}\">\n\t\t\t<div class=\"elementor-column-wrap elementor-element-populated\">\n\t\t\t\t\t\t\t<div class=\"elementor-widget-wrap\">\n\t\t\t\t\t\t<div class=\"elementor-element elementor-element-78f7af3 elementor-widget elementor-widget-heading\" data-id=\"78f7af3\" data-element_type=\"widget\" data-widget_type=\"heading.default\">\n\t\t\t\t<div class=\"elementor-widget-container\">\n\t\t\t<h2 class=\"elementor-heading-title elementor-size-default\">Hydraulic tests<\/h2>\t\t<\/div>\n\t\t\t\t<\/div>\n\t\t\t\t<div class=\"elementor-element elementor-element-0d2c24f elementor-absolute elementor-hidden-phone elementor-widget elementor-widget-image\" data-id=\"0d2c24f\" data-element_type=\"widget\" data-settings=\"{&quot;_position&quot;:&quot;absolute&quot;}\" data-widget_type=\"image.default\">\n\t\t\t\t<div class=\"elementor-widget-container\">\n\t\t\t\t\t\t\t\t<div class=\"elementor-image\">\n\t\t\t\t\t\t\t\t\t\t\t\t<img loading=\"lazy\" decoding=\"async\" width=\"49\" height=\"39\" src=\"https:\/\/inbul.pl\/wp-content\/uploads\/2021\/07\/element-1.png\" class=\"attachment-full size-full\" alt=\"\" \/>\t\t\t\t\t\t\t\t\t\t\t\t\t\t<\/div>\n\t\t\t\t\t\t<\/div>\n\t\t\t\t<\/div>\n\t\t\t\t<div class=\"elementor-element elementor-element-40c3586 elementor-widget elementor-widget-text-editor\" data-id=\"40c3586\" data-element_type=\"widget\" data-widget_type=\"text-editor.default\">\n\t\t\t\t<div class=\"elementor-widget-container\">\n\t\t\t\t\t\t\t\t<div class=\"elementor-text-editor elementor-clearfix\">\n\t\t\t\t<p>We also specialise in <strong>hydraulic tests<\/strong><\/p>\t\t\t\t\t<\/div>\n\t\t\t\t\t\t<\/div>\n\t\t\t\t<\/div>\n\t\t\t\t<div class=\"elementor-element elementor-element-ec255d4 elementor-widget-divider--view-line elementor-invisible elementor-widget elementor-widget-divider\" data-id=\"ec255d4\" data-element_type=\"widget\" data-settings=\"{&quot;_animation&quot;:&quot;zoomInLeft&quot;}\" data-widget_type=\"divider.default\">\n\t\t\t\t<div class=\"elementor-widget-container\">\n\t\t\t\t\t<div class=\"elementor-divider\">\n\t\t\t<span class=\"elementor-divider-separator\">\n\t\t\t\t\t\t<\/span>\n\t\t<\/div>\n\t\t\t\t<\/div>\n\t\t\t\t<\/div>\n\t\t\t\t\t\t<\/div>\n\t\t\t\t\t<\/div>\n\t\t<\/div>\n\t\t\t\t<div class=\"has_eae_slider elementor-column elementor-col-50 elementor-top-column elementor-element elementor-element-4996409\" data-id=\"4996409\" data-element_type=\"column\" data-settings=\"{&quot;background_background&quot;:&quot;classic&quot;}\">\n\t\t\t<div class=\"elementor-column-wrap elementor-element-populated\">\n\t\t\t\t\t\t\t<div class=\"elementor-widget-wrap\">\n\t\t\t\t\t\t<div class=\"elementor-element elementor-element-87ad6d0 elementor-widget elementor-widget-text-editor\" data-id=\"87ad6d0\" data-element_type=\"widget\" data-widget_type=\"text-editor.default\">\n\t\t\t\t<div class=\"elementor-widget-container\">\n\t\t\t\t\t\t\t\t<div class=\"elementor-text-editor elementor-clearfix\">\n\t\t\t\t<p class=\" translation-block\">The specialty of our company is the production of steel structures which meet very high technological requirements, therefore, we place much focus on suitable testing of our products. We perform <strong>operation and load tests<\/strong> before we deliver the manufactured <strong>steel structures<\/strong> to our clients. Specialists and engineers perform carry out special tests and thereby verify whether <strong>steel structures, cranes, crane components, rope winches, umbilical winches, rope winder <\/strong>and umbilical winders meet all the project requirements.<\/p><p class=\" translation-block\">We also specialise in hydraulic tests whose purpose is to perform i.e. pressure testing or to verify whether hydraulic system operates correctly.<\/p>\t\t\t\t\t<\/div>\n\t\t\t\t\t\t<\/div>\n\t\t\t\t<\/div>\n\t\t\t\t\t\t<\/div>\n\t\t\t\t\t<\/div>\n\t\t<\/div>\n\t\t\t\t\t\t\t\t<\/div>\n\t\t\t\t\t<\/div>\n\t\t<\/section>\n\t\t\t\t<section class=\"has_eae_slider elementor-section elementor-top-section elementor-element elementor-element-375cb61 elementor-section-full_width elementor-section-height-default elementor-section-height-default\" data-id=\"375cb61\" data-element_type=\"section\">\n\t\t\t\t\t\t<div class=\"elementor-container elementor-column-gap-default\">\n\t\t\t\t\t\t\t<div class=\"elementor-row\">\n\t\t\t\t\t<div class=\"has_eae_slider elementor-column elementor-col-50 elementor-top-column elementor-element elementor-element-08b4c50\" data-id=\"08b4c50\" data-element_type=\"column\" data-settings=\"{&quot;background_background&quot;:&quot;classic&quot;}\">\n\t\t\t<div class=\"elementor-column-wrap elementor-element-populated\">\n\t\t\t\t\t\t\t<div class=\"elementor-widget-wrap\">\n\t\t\t\t\t\t<div class=\"elementor-element elementor-element-3313be1 elementor-widget elementor-widget-heading\" data-id=\"3313be1\" data-element_type=\"widget\" data-widget_type=\"heading.default\">\n\t\t\t\t<div class=\"elementor-widget-container\">\n\t\t\t<h2 class=\"elementor-heading-title elementor-size-default\">AT IN-BUL, WE PERFORM THE FOLLOWING:<\/h2>\t\t<\/div>\n\t\t\t\t<\/div>\n\t\t\t\t<div class=\"elementor-element elementor-element-c48291f elementor-icon-list--layout-traditional elementor-list-item-link-full_width elementor-widget elementor-widget-icon-list\" data-id=\"c48291f\" data-element_type=\"widget\" data-widget_type=\"icon-list.default\">\n\t\t\t\t<div class=\"elementor-widget-container\">\n\t\t\t\t\t<ul class=\"elementor-icon-list-items\">\n\t\t\t\t\t\t\t<li class=\"elementor-icon-list-item\">\n\t\t\t\t\t\t\t\t\t\t\t<span class=\"elementor-icon-list-icon\">\n\t\t\t\t\t\t\t<i aria-hidden=\"true\" class=\"fas fa-circle\"><\/i>\t\t\t\t\t\t<\/span>\n\t\t\t\t\t\t\t\t\t\t<span class=\"elementor-icon-list-text\">multiple tests at different manufacturing stages such as FAT, lift tests or load tests<\/span>\n\t\t\t\t\t\t\t\t\t<\/li>\n\t\t\t\t\t\t\t\t<li class=\"elementor-icon-list-item\">\n\t\t\t\t\t\t\t\t\t\t\t<span class=\"elementor-icon-list-icon\">\n\t\t\t\t\t\t\t<i aria-hidden=\"true\" class=\"fas fa-circle\"><\/i>\t\t\t\t\t\t<\/span>\n\t\t\t\t\t\t\t\t\t\t<span class=\"elementor-icon-list-text\">operation and load tests with the help of electronic scales and cylinders 4 x 40 tonnes<\/span>\n\t\t\t\t\t\t\t\t\t<\/li>\n\t\t\t\t\t\t\t\t<li class=\"elementor-icon-list-item\">\n\t\t\t\t\t\t\t\t\t\t\t<span class=\"elementor-icon-list-icon\">\n\t\t\t\t\t\t\t<i aria-hidden=\"true\" class=\"fas fa-circle\"><\/i>\t\t\t\t\t\t<\/span>\n\t\t\t\t\t\t\t\t\t\t<span class=\"elementor-icon-list-text\">hydraulic tests with the help of hydraulic cylinders 4 x 120 tonnes<\/span>\n\t\t\t\t\t\t\t\t\t<\/li>\n\t\t\t\t\t\t<\/ul>\n\t\t\t\t<\/div>\n\t\t\t\t<\/div>\n\t\t\t\t\t\t<\/div>\n\t\t\t\t\t<\/div>\n\t\t<\/div>\n\t\t\t\t<div class=\"has_eae_slider elementor-column elementor-col-50 elementor-top-column elementor-element elementor-element-c7aa246 elementor-hidden-tablet elementor-hidden-phone\" data-id=\"c7aa246\" data-element_type=\"column\" data-settings=\"{&quot;background_background&quot;:&quot;classic&quot;}\">\n\t\t\t<div class=\"elementor-column-wrap\">\n\t\t\t\t\t\t\t<div class=\"elementor-widget-wrap\">\n\t\t\t\t\t\t\t\t<\/div>\n\t\t\t\t\t<\/div>\n\t\t<\/div>\n\t\t\t\t\t\t\t\t<\/div>\n\t\t\t\t\t<\/div>\n\t\t<\/section>\n\t\t\t\t<section class=\"has_eae_slider elementor-section elementor-top-section elementor-element elementor-element-8e33113 elementor-section-full_width elementor-section-height-default elementor-section-height-default\" data-id=\"8e33113\" data-element_type=\"section\" data-settings=\"{&quot;background_background&quot;:&quot;classic&quot;}\">\n\t\t\t\t\t\t<div class=\"elementor-container elementor-column-gap-default\">\n\t\t\t\t\t\t\t<div class=\"elementor-row\">\n\t\t\t\t\t<div class=\"has_eae_slider elementor-column elementor-col-100 elementor-top-column elementor-element elementor-element-2d9de49\" data-id=\"2d9de49\" data-element_type=\"column\" data-settings=\"{&quot;background_background&quot;:&quot;classic&quot;}\">\n\t\t\t<div class=\"elementor-column-wrap elementor-element-populated\">\n\t\t\t\t\t\t\t<div class=\"elementor-widget-wrap\">\n\t\t\t\t\t\t<div class=\"elementor-element elementor-element-60cd384 elementor-widget elementor-widget-text-editor\" data-id=\"60cd384\" data-element_type=\"widget\" data-widget_type=\"text-editor.default\">\n\t\t\t\t<div class=\"elementor-widget-container\">\n\t\t\t\t\t\t\t\t<div class=\"elementor-text-editor elementor-clearfix\">\n\t\t\t\t<p>For this purpose, we have built a professional <strong>test stand<\/strong> with a lifting capacity of 3 000 m\/tonne where complex final tests can be conducted on lifting equipment. Our test stand has been equipped with exchangeable adapters altering the diameter of crane swivel column mount, thus making it possible for us to test various types of lifting equipment.<\/p>\t\t\t\t\t<\/div>\n\t\t\t\t\t\t<\/div>\n\t\t\t\t<\/div>\n\t\t\t\t\t\t<\/div>\n\t\t\t\t\t<\/div>\n\t\t<\/div>\n\t\t\t\t\t\t\t\t<\/div>\n\t\t\t\t\t<\/div>\n\t\t<\/section>\n\t\t\t\t<section class=\"has_eae_slider elementor-section elementor-top-section elementor-element elementor-element-9c46402 elementor-section-full_width elementor-section-height-default elementor-section-height-default\" data-id=\"9c46402\" data-element_type=\"section\">\n\t\t\t\t\t\t<div class=\"elementor-container elementor-column-gap-default\">\n\t\t\t\t\t\t\t<div class=\"elementor-row\">\n\t\t\t\t\t<div class=\"has_eae_slider elementor-column elementor-col-50 elementor-top-column elementor-element elementor-element-15b2eed\" data-id=\"15b2eed\" data-element_type=\"column\" data-settings=\"{&quot;background_background&quot;:&quot;classic&quot;}\">\n\t\t\t<div class=\"elementor-column-wrap elementor-element-populated\">\n\t\t\t\t\t\t\t<div class=\"elementor-widget-wrap\">\n\t\t\t\t\t\t<div class=\"elementor-element elementor-element-0546b0e elementor-widget elementor-widget-heading\" data-id=\"0546b0e\" data-element_type=\"widget\" data-widget_type=\"heading.default\">\n\t\t\t\t<div class=\"elementor-widget-container\">\n\t\t\t<h2 class=\"elementor-heading-title elementor-size-default\">IN ADDITION, WE POSSESS THE FOLLOWING TESTING EQUIPMENT:<\/h2>\t\t<\/div>\n\t\t\t\t<\/div>\n\t\t\t\t<div class=\"elementor-element elementor-element-397ce1c elementor-icon-list--layout-traditional elementor-list-item-link-full_width elementor-widget elementor-widget-icon-list\" data-id=\"397ce1c\" data-element_type=\"widget\" data-widget_type=\"icon-list.default\">\n\t\t\t\t<div class=\"elementor-widget-container\">\n\t\t\t\t\t<ul class=\"elementor-icon-list-items\">\n\t\t\t\t\t\t\t<li class=\"elementor-icon-list-item\">\n\t\t\t\t\t\t\t\t\t\t\t<span class=\"elementor-icon-list-icon\">\n\t\t\t\t\t\t\t<i aria-hidden=\"true\" class=\"fas fa-circle\"><\/i>\t\t\t\t\t\t<\/span>\n\t\t\t\t\t\t\t\t\t\t<span class=\"elementor-icon-list-text\">CATERPILLAR 400 kVA Diesel generator<\/span>\n\t\t\t\t\t\t\t\t\t<\/li>\n\t\t\t\t\t\t\t\t<li class=\"elementor-icon-list-item\">\n\t\t\t\t\t\t\t\t\t\t\t<span class=\"elementor-icon-list-icon\">\n\t\t\t\t\t\t\t<i aria-hidden=\"true\" class=\"fas fa-circle\"><\/i>\t\t\t\t\t\t<\/span>\n\t\t\t\t\t\t\t\t\t\t<span class=\"elementor-icon-list-text\">weights ( 1T, 2T, 3T, 5T, 10T, 15T, 20T)<\/span>\n\t\t\t\t\t\t\t\t\t<\/li>\n\t\t\t\t\t\t\t\t<li class=\"elementor-icon-list-item\">\n\t\t\t\t\t\t\t\t\t\t\t<span class=\"elementor-icon-list-icon\">\n\t\t\t\t\t\t\t<i aria-hidden=\"true\" class=\"fas fa-circle\"><\/i>\t\t\t\t\t\t<\/span>\n\t\t\t\t\t\t\t\t\t\t<span class=\"elementor-icon-list-text\">test frames with the lifting capacity of 250 tonnes<\/span>\n\t\t\t\t\t\t\t\t\t<\/li>\n\t\t\t\t\t\t\t\t<li class=\"elementor-icon-list-item\">\n\t\t\t\t\t\t\t\t\t\t\t<span class=\"elementor-icon-list-icon\">\n\t\t\t\t\t\t\t<i aria-hidden=\"true\" class=\"fas fa-circle\"><\/i>\t\t\t\t\t\t<\/span>\n\t\t\t\t\t\t\t\t\t\t<span class=\"elementor-icon-list-text\">shackles, slings<\/span>\n\t\t\t\t\t\t\t\t\t<\/li>\n\t\t\t\t\t\t\t\t<li class=\"elementor-icon-list-item\">\n\t\t\t\t\t\t\t\t\t\t\t<span class=\"elementor-icon-list-icon\">\n\t\t\t\t\t\t\t<i aria-hidden=\"true\" class=\"fas fa-circle\"><\/i>\t\t\t\t\t\t<\/span>\n\t\t\t\t\t\t\t\t\t\t<span class=\"elementor-icon-list-text\">scales (3 T, 5 T, 20 T, 50 T)<\/span>\n\t\t\t\t\t\t\t\t\t<\/li>\n\t\t\t\t\t\t<\/ul>\n\t\t\t\t<\/div>\n\t\t\t\t<\/div>\n\t\t\t\t\t\t<\/div>\n\t\t\t\t\t<\/div>\n\t\t<\/div>\n\t\t\t\t<div class=\"has_eae_slider elementor-column elementor-col-50 elementor-top-column elementor-element elementor-element-8944bb0 elementor-hidden-tablet elementor-hidden-phone\" data-id=\"8944bb0\" data-element_type=\"column\" data-settings=\"{&quot;background_background&quot;:&quot;classic&quot;}\">\n\t\t\t<div class=\"elementor-column-wrap\">\n\t\t\t\t\t\t\t<div class=\"elementor-widget-wrap\">\n\t\t\t\t\t\t\t\t<\/div>\n\t\t\t\t\t<\/div>\n\t\t<\/div>\n\t\t\t\t\t\t\t\t<\/div>\n\t\t\t\t\t<\/div>\n\t\t<\/section>\n\t\t\t\t<section class=\"has_eae_slider elementor-section elementor-top-section elementor-element elementor-element-d2566b5 elementor-section-full_width elementor-section-height-default elementor-section-height-default\" data-id=\"d2566b5\" data-element_type=\"section\" data-settings=\"{&quot;background_background&quot;:&quot;classic&quot;}\">\n\t\t\t\t\t\t<div class=\"elementor-container elementor-column-gap-default\">\n\t\t\t\t\t\t\t<div class=\"elementor-row\">\n\t\t\t\t\t<div class=\"has_eae_slider elementor-column elementor-col-50 elementor-top-column elementor-element elementor-element-ff54f6f\" data-id=\"ff54f6f\" data-element_type=\"column\">\n\t\t\t<div class=\"elementor-column-wrap elementor-element-populated\">\n\t\t\t\t\t\t\t<div class=\"elementor-widget-wrap\">\n\t\t\t\t\t\t<div class=\"elementor-element elementor-element-fe070e0 elementor-widget elementor-widget-image\" data-id=\"fe070e0\" data-element_type=\"widget\" data-widget_type=\"image.default\">\n\t\t\t\t<div class=\"elementor-widget-container\">\n\t\t\t\t\t\t\t\t<div class=\"elementor-image\">\n\t\t\t\t\t\t\t\t\t\t\t\t<img loading=\"lazy\" decoding=\"async\" width=\"800\" height=\"600\" src=\"https:\/\/inbul.pl\/wp-content\/uploads\/2021\/07\/IMG_1087-1024x768.jpg\" class=\"attachment-large size-large\" alt=\"\" srcset=\"https:\/\/inbul.pl\/wp-content\/uploads\/2021\/07\/IMG_1087-1024x768.jpg 1024w, https:\/\/inbul.pl\/wp-content\/uploads\/2021\/07\/IMG_1087-300x225.jpg 300w, https:\/\/inbul.pl\/wp-content\/uploads\/2021\/07\/IMG_1087-768x576.jpg 768w, https:\/\/inbul.pl\/wp-content\/uploads\/2021\/07\/IMG_1087-1536x1152.jpg 1536w, https:\/\/inbul.pl\/wp-content\/uploads\/2021\/07\/IMG_1087.jpg 1920w\" sizes=\"auto, (max-width: 800px) 100vw, 800px\" \/>\t\t\t\t\t\t\t\t\t\t\t\t\t\t<\/div>\n\t\t\t\t\t\t<\/div>\n\t\t\t\t<\/div>\n\t\t\t\t\t\t<\/div>\n\t\t\t\t\t<\/div>\n\t\t<\/div>\n\t\t\t\t<div class=\"has_eae_slider elementor-column elementor-col-50 elementor-top-column elementor-element elementor-element-7355a02\" data-id=\"7355a02\" data-element_type=\"column\" data-settings=\"{&quot;background_background&quot;:&quot;classic&quot;}\">\n\t\t\t<div class=\"elementor-column-wrap elementor-element-populated\">\n\t\t\t\t\t\t\t<div class=\"elementor-widget-wrap\">\n\t\t\t\t\t\t<div class=\"elementor-element elementor-element-d5d2285 elementor-widget elementor-widget-text-editor\" data-id=\"d5d2285\" data-element_type=\"widget\" data-widget_type=\"text-editor.default\">\n\t\t\t\t<div class=\"elementor-widget-container\">\n\t\t\t\t\t\t\t\t<div class=\"elementor-text-editor elementor-clearfix\">\n\t\t\t\t<p class=\" translation-block\">All the operation, <strong>load or hydraulic tests <\/strong> are performed under supervision of the largest global corporations. Equally important is our long-term <strong>collaboration with the classification societies <\/strong> i.e. DNV and ABS so that we can guarantee our clients that all our <strong>steel structures <\/strong> delivered to them are safe and reliable.<\/p>\t\t\t\t\t<\/div>\n\t\t\t\t\t\t<\/div>\n\t\t\t\t<\/div>\n\t\t\t\t\t\t<\/div>\n\t\t\t\t\t<\/div>\n\t\t<\/div>\n\t\t\t\t\t\t\t\t<\/div>\n\t\t\t\t\t<\/div>\n\t\t<\/section>\n\t\t\t\t\t\t<\/div>\n\t\t\t\t\t\t<\/div>\n\t\t\t\t\t<\/div>","protected":false},"excerpt":{"rendered":"<p>Testy hydrauliczne Nasz\u0105 specjalizacj\u0105 s\u0105 tak\u017ce testy hydrauliczne Specjalno\u015bci\u0105 naszej firmy jest produkcja konstrukcji o bardzo wysokich wymaganiach technologicznych, dlatego te\u017c du\u017c\u0105 uwag\u0119 po\u015bwi\u0119camy kwestii odpowiedniego testowania naszych wyrob\u00f3w. Wykonujemy\u00a0testy ruchowe i obci\u0105\u017ceniowe\u00a0zanim oddamy wyprodukowane konstrukcje stalowe naszym klientom. Eksperci i in\u017cynierowie przeprowadzaj\u0105 testy specjalne, dzi\u0119ki kt\u00f3rym sprawdzaj\u0105, czy konstrukcje stalowe, d\u017awigi i elementy d\u017awig\u00f3w,\u00a0\u017curawie [&hellip;]<\/p>","protected":false},"author":2,"featured_media":1009,"parent":52,"menu_order":0,"comment_status":"closed","ping_status":"closed","template":"","meta":{"footnotes":""},"class_list":["post-70","page","type-page","status-publish","has-post-thumbnail","hentry"],"acf":[],"yoast_head":"<!-- This site is optimized with the Yoast SEO plugin v19.13 - https:\/\/yoast.com\/wordpress\/plugins\/seo\/ -->\n<title>Stanowisko testowe i testy specjalne - IN-BUL - Konstrukcje stalowe<\/title>\n<meta name=\"robots\" content=\"index, follow, max-snippet:-1, max-image-preview:large, max-video-preview:-1\" \/>\n<link rel=\"canonical\" href=\"https:\/\/inbul.pl\/en\/co-robimy\/stanowisko-testowe-i-testy-specjalne\/\" \/>\n<meta property=\"og:locale\" content=\"en_GB\" \/>\n<meta property=\"og:type\" content=\"article\" \/>\n<meta property=\"og:title\" content=\"Stanowisko testowe i testy specjalne - IN-BUL - Konstrukcje stalowe\" \/>\n<meta property=\"og:description\" content=\"Testy hydrauliczne Nasz\u0105 specjalizacj\u0105 s\u0105 tak\u017ce testy hydrauliczne Specjalno\u015bci\u0105 naszej firmy jest produkcja konstrukcji o bardzo wysokich wymaganiach technologicznych, dlatego te\u017c du\u017c\u0105 uwag\u0119 po\u015bwi\u0119camy kwestii odpowiedniego testowania naszych wyrob\u00f3w. Wykonujemy\u00a0testy ruchowe i obci\u0105\u017ceniowe\u00a0zanim oddamy wyprodukowane konstrukcje stalowe naszym klientom. Eksperci i in\u017cynierowie przeprowadzaj\u0105 testy specjalne, dzi\u0119ki kt\u00f3rym sprawdzaj\u0105, czy konstrukcje stalowe, d\u017awigi i elementy d\u017awig\u00f3w,\u00a0\u017curawie [&hellip;]\" \/>\n<meta property=\"og:url\" content=\"https:\/\/inbul.pl\/en\/co-robimy\/stanowisko-testowe-i-testy-specjalne\/\" \/>\n<meta property=\"og:site_name\" content=\"IN-BUL - Konstrukcje stalowe\" \/>\n<meta property=\"article:modified_time\" content=\"2021-09-08T11:26:56+00:00\" \/>\n<meta property=\"og:image\" content=\"http:\/\/inbul.pl\/wp-content\/uploads\/2021\/07\/IMG_20200428_073616.jpg\" \/>\n\t<meta property=\"og:image:width\" content=\"1920\" \/>\n\t<meta property=\"og:image:height\" content=\"1215\" \/>\n\t<meta property=\"og:image:type\" content=\"image\/jpeg\" \/>\n<meta name=\"twitter:card\" content=\"summary_large_image\" \/>\n<meta name=\"twitter:label1\" content=\"Estimated reading time\" \/>\n\t<meta name=\"twitter:data1\" content=\"2 minutes\" \/>\n<script type=\"application\/ld+json\" class=\"yoast-schema-graph\">{\"@context\":\"https:\/\/schema.org\",\"@graph\":[{\"@type\":\"WebPage\",\"@id\":\"http:\/\/inbul.pl\/co-robimy\/stanowisko-testowe-i-testy-specjalne\/\",\"url\":\"http:\/\/inbul.pl\/co-robimy\/stanowisko-testowe-i-testy-specjalne\/\",\"name\":\"Stanowisko testowe i testy specjalne - IN-BUL - Konstrukcje stalowe\",\"isPartOf\":{\"@id\":\"https:\/\/inbul.pl\/#website\"},\"datePublished\":\"2021-06-10T09:24:46+00:00\",\"dateModified\":\"2021-09-08T11:26:56+00:00\",\"breadcrumb\":{\"@id\":\"http:\/\/inbul.pl\/co-robimy\/stanowisko-testowe-i-testy-specjalne\/#breadcrumb\"},\"inLanguage\":\"en-GB\",\"potentialAction\":[{\"@type\":\"ReadAction\",\"target\":[\"http:\/\/inbul.pl\/co-robimy\/stanowisko-testowe-i-testy-specjalne\/\"]}]},{\"@type\":\"BreadcrumbList\",\"@id\":\"http:\/\/inbul.pl\/co-robimy\/stanowisko-testowe-i-testy-specjalne\/#breadcrumb\",\"itemListElement\":[{\"@type\":\"ListItem\",\"position\":1,\"name\":\"Strona g\u0142\u00f3wna\",\"item\":\"https:\/\/inbul.pl\/\"},{\"@type\":\"ListItem\",\"position\":2,\"name\":\"Co robimy\",\"item\":\"http:\/\/inbul.pl\/co-robimy\/\"},{\"@type\":\"ListItem\",\"position\":3,\"name\":\"Stanowisko testowe i testy specjalne\"}]},{\"@type\":\"WebSite\",\"@id\":\"https:\/\/inbul.pl\/#website\",\"url\":\"https:\/\/inbul.pl\/\",\"name\":\"IN-BUL - Konstrukcje stalowe\",\"description\":\"Solidno\u015b\u0107 partnerstwa w biznesie\",\"publisher\":{\"@id\":\"https:\/\/inbul.pl\/#organization\"},\"potentialAction\":[{\"@type\":\"SearchAction\",\"target\":{\"@type\":\"EntryPoint\",\"urlTemplate\":\"https:\/\/inbul.pl\/?s={search_term_string}\"},\"query-input\":\"required name=search_term_string\"}],\"inLanguage\":\"en-GB\"},{\"@type\":\"Organization\",\"@id\":\"https:\/\/inbul.pl\/#organization\",\"name\":\"IN-BUL - Konstrukcje stalowe\",\"url\":\"https:\/\/inbul.pl\/\",\"logo\":{\"@type\":\"ImageObject\",\"inLanguage\":\"en-GB\",\"@id\":\"https:\/\/inbul.pl\/#\/schema\/logo\/image\/\",\"url\":\"https:\/\/inbul.pl\/wp-content\/uploads\/2021\/06\/Logo-IN-BUL-white.png\",\"contentUrl\":\"https:\/\/inbul.pl\/wp-content\/uploads\/2021\/06\/Logo-IN-BUL-white.png\",\"width\":682,\"height\":253,\"caption\":\"IN-BUL - Konstrukcje stalowe\"},\"image\":{\"@id\":\"https:\/\/inbul.pl\/#\/schema\/logo\/image\/\"}}]}<\/script>\n<!-- \/ Yoast SEO plugin. -->","yoast_head_json":{"title":"Stanowisko testowe i testy specjalne - IN-BUL - Konstrukcje stalowe","robots":{"index":"index","follow":"follow","max-snippet":"max-snippet:-1","max-image-preview":"max-image-preview:large","max-video-preview":"max-video-preview:-1"},"canonical":"https:\/\/inbul.pl\/en\/co-robimy\/stanowisko-testowe-i-testy-specjalne\/","og_locale":"en_GB","og_type":"article","og_title":"Stanowisko testowe i testy specjalne - IN-BUL - Konstrukcje stalowe","og_description":"Testy hydrauliczne Nasz\u0105 specjalizacj\u0105 s\u0105 tak\u017ce testy hydrauliczne Specjalno\u015bci\u0105 naszej firmy jest produkcja konstrukcji o bardzo wysokich wymaganiach technologicznych, dlatego te\u017c du\u017c\u0105 uwag\u0119 po\u015bwi\u0119camy kwestii odpowiedniego testowania naszych wyrob\u00f3w. Wykonujemy\u00a0testy ruchowe i obci\u0105\u017ceniowe\u00a0zanim oddamy wyprodukowane konstrukcje stalowe naszym klientom. Eksperci i in\u017cynierowie przeprowadzaj\u0105 testy specjalne, dzi\u0119ki kt\u00f3rym sprawdzaj\u0105, czy konstrukcje stalowe, d\u017awigi i elementy d\u017awig\u00f3w,\u00a0\u017curawie [&hellip;]","og_url":"https:\/\/inbul.pl\/en\/co-robimy\/stanowisko-testowe-i-testy-specjalne\/","og_site_name":"IN-BUL - Konstrukcje stalowe","article_modified_time":"2021-09-08T11:26:56+00:00","og_image":[{"width":1920,"height":1215,"url":"http:\/\/inbul.pl\/wp-content\/uploads\/2021\/07\/IMG_20200428_073616.jpg","type":"image\/jpeg"}],"twitter_card":"summary_large_image","twitter_misc":{"Estimated reading time":"2 minutes"},"schema":{"@context":"https:\/\/schema.org","@graph":[{"@type":"WebPage","@id":"http:\/\/inbul.pl\/co-robimy\/stanowisko-testowe-i-testy-specjalne\/","url":"http:\/\/inbul.pl\/co-robimy\/stanowisko-testowe-i-testy-specjalne\/","name":"Stanowisko testowe i testy specjalne - IN-BUL - Konstrukcje stalowe","isPartOf":{"@id":"https:\/\/inbul.pl\/#website"},"datePublished":"2021-06-10T09:24:46+00:00","dateModified":"2021-09-08T11:26:56+00:00","breadcrumb":{"@id":"http:\/\/inbul.pl\/co-robimy\/stanowisko-testowe-i-testy-specjalne\/#breadcrumb"},"inLanguage":"en-GB","potentialAction":[{"@type":"ReadAction","target":["http:\/\/inbul.pl\/co-robimy\/stanowisko-testowe-i-testy-specjalne\/"]}]},{"@type":"BreadcrumbList","@id":"http:\/\/inbul.pl\/co-robimy\/stanowisko-testowe-i-testy-specjalne\/#breadcrumb","itemListElement":[{"@type":"ListItem","position":1,"name":"Strona g\u0142\u00f3wna","item":"https:\/\/inbul.pl\/"},{"@type":"ListItem","position":2,"name":"Co robimy","item":"http:\/\/inbul.pl\/co-robimy\/"},{"@type":"ListItem","position":3,"name":"Stanowisko testowe i testy specjalne"}]},{"@type":"WebSite","@id":"https:\/\/inbul.pl\/#website","url":"https:\/\/inbul.pl\/","name":"IN-BUL - Konstrukcje stalowe","description":"Solidno\u015b\u0107 partnerstwa w biznesie","publisher":{"@id":"https:\/\/inbul.pl\/#organization"},"potentialAction":[{"@type":"SearchAction","target":{"@type":"EntryPoint","urlTemplate":"https:\/\/inbul.pl\/?s={search_term_string}"},"query-input":"required name=search_term_string"}],"inLanguage":"en-GB"},{"@type":"Organization","@id":"https:\/\/inbul.pl\/#organization","name":"IN-BUL - Konstrukcje stalowe","url":"https:\/\/inbul.pl\/","logo":{"@type":"ImageObject","inLanguage":"en-GB","@id":"https:\/\/inbul.pl\/#\/schema\/logo\/image\/","url":"https:\/\/inbul.pl\/wp-content\/uploads\/2021\/06\/Logo-IN-BUL-white.png","contentUrl":"https:\/\/inbul.pl\/wp-content\/uploads\/2021\/06\/Logo-IN-BUL-white.png","width":682,"height":253,"caption":"IN-BUL - Konstrukcje stalowe"},"image":{"@id":"https:\/\/inbul.pl\/#\/schema\/logo\/image\/"}}]}},"_links":{"self":[{"href":"https:\/\/inbul.pl\/en\/wp-json\/wp\/v2\/pages\/70","targetHints":{"allow":["GET"]}}],"collection":[{"href":"https:\/\/inbul.pl\/en\/wp-json\/wp\/v2\/pages"}],"about":[{"href":"https:\/\/inbul.pl\/en\/wp-json\/wp\/v2\/types\/page"}],"author":[{"embeddable":true,"href":"https:\/\/inbul.pl\/en\/wp-json\/wp\/v2\/users\/2"}],"replies":[{"embeddable":true,"href":"https:\/\/inbul.pl\/en\/wp-json\/wp\/v2\/comments?post=70"}],"version-history":[{"count":48,"href":"https:\/\/inbul.pl\/en\/wp-json\/wp\/v2\/pages\/70\/revisions"}],"predecessor-version":[{"id":2888,"href":"https:\/\/inbul.pl\/en\/wp-json\/wp\/v2\/pages\/70\/revisions\/2888"}],"up":[{"embeddable":true,"href":"https:\/\/inbul.pl\/en\/wp-json\/wp\/v2\/pages\/52"}],"wp:featuredmedia":[{"embeddable":true,"href":"https:\/\/inbul.pl\/en\/wp-json\/wp\/v2\/media\/1009"}],"wp:attachment":[{"href":"https:\/\/inbul.pl\/en\/wp-json\/wp\/v2\/media?parent=70"}],"curies":[{"name":"wp","href":"https:\/\/api.w.org\/{rel}","templated":true}]}}