{"id":68,"date":"2021-06-10T11:24:20","date_gmt":"2021-06-10T09:24:20","guid":{"rendered":"http:\/\/inbul.testyxtraweb.pl\/?page_id=68"},"modified":"2021-08-24T13:30:39","modified_gmt":"2021-08-24T11:30:39","slug":"antykorozja-i-powloki-specjalistyczne","status":"publish","type":"page","link":"https:\/\/inbul.pl\/en\/co-robimy\/antykorozja-i-powloki-specjalistyczne\/","title":{"rendered":"CORROSION PROTECTION AND SPECIAL COATINGS"},"content":{"rendered":"<div data-elementor-type=\"wp-page\" data-elementor-id=\"68\" class=\"elementor elementor-68\" data-elementor-settings=\"[]\">\n\t\t\t\t\t\t<div class=\"elementor-inner\">\n\t\t\t\t\t\t\t<div class=\"elementor-section-wrap\">\n\t\t\t\t\t\t\t<section class=\"has_eae_slider elementor-section elementor-top-section elementor-element elementor-element-6d5f9e6 elementor-section-full_width elementor-section-height-default elementor-section-height-default\" data-id=\"6d5f9e6\" data-element_type=\"section\" data-settings=\"{&quot;background_background&quot;:&quot;classic&quot;}\">\n\t\t\t\t\t\t<div class=\"elementor-container elementor-column-gap-default\">\n\t\t\t\t\t\t\t<div class=\"elementor-row\">\n\t\t\t\t\t<div class=\"has_eae_slider elementor-column elementor-col-100 elementor-top-column elementor-element elementor-element-f8dbe7a\" data-id=\"f8dbe7a\" data-element_type=\"column\">\n\t\t\t<div class=\"elementor-column-wrap elementor-element-populated\">\n\t\t\t\t\t\t\t<div class=\"elementor-widget-wrap\">\n\t\t\t\t\t\t<section class=\"has_eae_slider elementor-section elementor-inner-section elementor-element elementor-element-9196f20 elementor-section-full_width elementor-section-height-default elementor-section-height-default\" data-id=\"9196f20\" data-element_type=\"section\" data-settings=\"{&quot;background_background&quot;:&quot;classic&quot;}\">\n\t\t\t\t\t\t<div class=\"elementor-container elementor-column-gap-default\">\n\t\t\t\t\t\t\t<div class=\"elementor-row\">\n\t\t\t\t\t<div class=\"has_eae_slider elementor-column elementor-col-100 elementor-inner-column elementor-element elementor-element-2b4e0e8\" data-id=\"2b4e0e8\" data-element_type=\"column\">\n\t\t\t<div class=\"elementor-column-wrap elementor-element-populated\">\n\t\t\t\t\t\t\t<div class=\"elementor-widget-wrap\">\n\t\t\t\t\t\t<div class=\"elementor-element elementor-element-be18f40 elementor-widget elementor-widget-heading\" data-id=\"be18f40\" data-element_type=\"widget\" data-widget_type=\"heading.default\">\n\t\t\t\t<div class=\"elementor-widget-container\">\n\t\t\t<h2 class=\"elementor-heading-title elementor-size-default\">CORROSION PROTECTION AND SPECIAL COATINGS<\/h2>\t\t<\/div>\n\t\t\t\t<\/div>\n\t\t\t\t<div class=\"elementor-element elementor-element-de60169 elementor-widget elementor-widget-text-editor\" data-id=\"de60169\" data-element_type=\"widget\" data-widget_type=\"text-editor.default\">\n\t\t\t\t<div class=\"elementor-widget-container\">\n\t\t\t\t\t\t\t\t<div class=\"elementor-text-editor elementor-clearfix\">\n\t\t\t\t<p>At IN-BUL, we are aware that one of the most important factors protecting <strong>steel structures,<\/strong> is suitable corrosion protection. The whole coating application process begins with abrasive blasting of steel. The aim of this is to ensure perfect cleanliness and surface preparation for coating.<\/p><p>For the above mentioned process, we use the following facilities:<\/p><ul><li>chamber with the area of 117,0 m2 for shot blasting<\/li><li>chamber with the dimensions of 2 500 x 3 000 x 5 000 mm for blasting with aluminum oxide or glass balls<\/li><\/ul>\t\t\t\t\t<\/div>\n\t\t\t\t\t\t<\/div>\n\t\t\t\t<\/div>\n\t\t\t\t\t\t<\/div>\n\t\t\t\t\t<\/div>\n\t\t<\/div>\n\t\t\t\t\t\t\t\t<\/div>\n\t\t\t\t\t<\/div>\n\t\t<\/section>\n\t\t\t\t\t\t<\/div>\n\t\t\t\t\t<\/div>\n\t\t<\/div>\n\t\t\t\t\t\t\t\t<\/div>\n\t\t\t\t\t<\/div>\n\t\t<\/section>\n\t\t\t\t<section class=\"has_eae_slider elementor-section elementor-top-section elementor-element elementor-element-f5343cf elementor-section-full_width elementor-section-height-default elementor-section-height-default\" data-id=\"f5343cf\" data-element_type=\"section\" data-settings=\"{&quot;background_background&quot;:&quot;classic&quot;}\">\n\t\t\t\t\t\t<div class=\"elementor-container elementor-column-gap-default\">\n\t\t\t\t\t\t\t<div class=\"elementor-row\">\n\t\t\t\t\t<div class=\"has_eae_slider elementor-column elementor-col-50 elementor-top-column elementor-element elementor-element-86149c0\" data-id=\"86149c0\" data-element_type=\"column\" data-settings=\"{&quot;background_background&quot;:&quot;classic&quot;}\">\n\t\t\t<div class=\"elementor-column-wrap elementor-element-populated\">\n\t\t\t\t\t\t\t<div class=\"elementor-widget-wrap\">\n\t\t\t\t\t\t<div class=\"elementor-element elementor-element-d326326 elementor-widget elementor-widget-heading\" data-id=\"d326326\" data-element_type=\"widget\" data-widget_type=\"heading.default\">\n\t\t\t\t<div class=\"elementor-widget-container\">\n\t\t\t<h2 class=\"elementor-heading-title elementor-size-default\">PAINTING WORKSHOP<\/h2>\t\t<\/div>\n\t\t\t\t<\/div>\n\t\t\t\t<div class=\"elementor-element elementor-element-ad627bf elementor-absolute elementor-hidden-phone elementor-widget elementor-widget-image\" data-id=\"ad627bf\" data-element_type=\"widget\" data-settings=\"{&quot;_position&quot;:&quot;absolute&quot;}\" data-widget_type=\"image.default\">\n\t\t\t\t<div class=\"elementor-widget-container\">\n\t\t\t\t\t\t\t\t<div class=\"elementor-image\">\n\t\t\t\t\t\t\t\t\t\t\t\t<img loading=\"lazy\" decoding=\"async\" width=\"49\" height=\"39\" src=\"https:\/\/inbul.pl\/wp-content\/uploads\/2021\/07\/element-1.png\" class=\"attachment-full size-full\" alt=\"\" \/>\t\t\t\t\t\t\t\t\t\t\t\t\t\t<\/div>\n\t\t\t\t\t\t<\/div>\n\t\t\t\t<\/div>\n\t\t\t\t<div class=\"elementor-element elementor-element-5361865 elementor-widget elementor-widget-text-editor\" data-id=\"5361865\" data-element_type=\"widget\" data-widget_type=\"text-editor.default\">\n\t\t\t\t<div class=\"elementor-widget-container\">\n\t\t\t\t\t\t\t\t<div class=\"elementor-text-editor elementor-clearfix\">\n\t\t\t\t<p>Our painting workshop area is around 1300 m2. We apply high quality special coatings.<\/p>\t\t\t\t\t<\/div>\n\t\t\t\t\t\t<\/div>\n\t\t\t\t<\/div>\n\t\t\t\t<div class=\"elementor-element elementor-element-c65c127 elementor-widget-divider--view-line elementor-invisible elementor-widget elementor-widget-divider\" data-id=\"c65c127\" data-element_type=\"widget\" data-settings=\"{&quot;_animation&quot;:&quot;zoomInLeft&quot;}\" data-widget_type=\"divider.default\">\n\t\t\t\t<div class=\"elementor-widget-container\">\n\t\t\t\t\t<div class=\"elementor-divider\">\n\t\t\t<span class=\"elementor-divider-separator\">\n\t\t\t\t\t\t<\/span>\n\t\t<\/div>\n\t\t\t\t<\/div>\n\t\t\t\t<\/div>\n\t\t\t\t\t\t<\/div>\n\t\t\t\t\t<\/div>\n\t\t<\/div>\n\t\t\t\t<div class=\"has_eae_slider elementor-column elementor-col-50 elementor-top-column elementor-element elementor-element-09293a2\" data-id=\"09293a2\" data-element_type=\"column\" data-settings=\"{&quot;background_background&quot;:&quot;classic&quot;}\">\n\t\t\t<div class=\"elementor-column-wrap elementor-element-populated\">\n\t\t\t\t\t\t\t<div class=\"elementor-widget-wrap\">\n\t\t\t\t\t\t<div class=\"elementor-element elementor-element-16cf42c elementor-widget elementor-widget-text-editor\" data-id=\"16cf42c\" data-element_type=\"widget\" data-widget_type=\"text-editor.default\">\n\t\t\t\t<div class=\"elementor-widget-container\">\n\t\t\t\t\t\t\t\t<div class=\"elementor-text-editor elementor-clearfix\">\n\t\t\t\t<p>We possess painting workshops with the total area of approx. 1300 m2. Our largest <strong>painting workshop<\/strong> has the dimensions of 8 x 32 m. We employ personnel qualified and experienced in spray painting. All the painting application processes are supervised by our FROSIO Inspector level III.<\/p><p>We offer a variety of corrosion protection systems according to client\u2019s specification. We have a great deal of experience in coating application according to ISO 12944 and\/or NOROSK M-501.<\/p><p class=\" translation-block\">In addition to spray painting, we specialise in special coatings. We have many years of experience in the application of oven-cured fluoropolymer coatings (xylan 10xx\/12xx\/14xx and Molykote 7409). The supervision over this process is done by a person holding a manufacturer\u2019s and FROSIO certificate.<\/p><p>We have at our disposal a coating line for the application of <strong>zinc<\/strong> and\/or <strong>manganese phosphate coating.<\/strong><\/p><p>Our qualified personnel and years of experience are a guarantee of quality. We apply coatings at the highest level.<\/p>\t\t\t\t\t<\/div>\n\t\t\t\t\t\t<\/div>\n\t\t\t\t<\/div>\n\t\t\t\t\t\t<\/div>\n\t\t\t\t\t<\/div>\n\t\t<\/div>\n\t\t\t\t\t\t\t\t<\/div>\n\t\t\t\t\t<\/div>\n\t\t<\/section>\n\t\t\t\t\t\t<\/div>\n\t\t\t\t\t\t<\/div>\n\t\t\t\t\t<\/div>","protected":false},"excerpt":{"rendered":"<p>Antykorozja i pow\u0142oki specjalistyczne W firmie IN-BUL wiemy, \u017ce jednym z najwa\u017cniejszych czynnik\u00f3w chroni\u0105cych konstrukcje stalowe jest ich odpowiednie zabezpieczenie przed korozj\u0105. Ca\u0142y proces nak\u0142adania pow\u0142oki rozpoczyna si\u0119 od \u015brutowania stali. Ma ono na celu pe\u0142ne oczyszczenie i przygotowanie powierzchni. Do tego procesu wykorzystujemy nast\u0119puj\u0105c\u0105 infrastruktur\u0105: komor\u0119 o powierzchni 117,0 m2 do obr\u00f3bki strumieniowo-\u015bciernej \u015brutem [&hellip;]<\/p>","protected":false},"author":2,"featured_media":670,"parent":52,"menu_order":0,"comment_status":"closed","ping_status":"closed","template":"","meta":{"footnotes":""},"class_list":["post-68","page","type-page","status-publish","has-post-thumbnail","hentry"],"acf":[],"yoast_head":"<!-- This site is optimized with the Yoast SEO plugin v19.13 - https:\/\/yoast.com\/wordpress\/plugins\/seo\/ -->\n<title>Antykorozja i pow\u0142oki specjalistyczne - IN-BUL - Konstrukcje stalowe<\/title>\n<meta name=\"robots\" content=\"index, follow, max-snippet:-1, max-image-preview:large, max-video-preview:-1\" \/>\n<link rel=\"canonical\" href=\"https:\/\/inbul.pl\/en\/co-robimy\/antykorozja-i-powloki-specjalistyczne\/\" \/>\n<meta property=\"og:locale\" content=\"en_GB\" \/>\n<meta property=\"og:type\" content=\"article\" \/>\n<meta property=\"og:title\" content=\"Antykorozja i pow\u0142oki specjalistyczne - IN-BUL - Konstrukcje stalowe\" \/>\n<meta property=\"og:description\" content=\"Antykorozja i pow\u0142oki specjalistyczne W firmie IN-BUL wiemy, \u017ce jednym z najwa\u017cniejszych czynnik\u00f3w chroni\u0105cych konstrukcje stalowe jest ich odpowiednie zabezpieczenie przed korozj\u0105. Ca\u0142y proces nak\u0142adania pow\u0142oki rozpoczyna si\u0119 od \u015brutowania stali. Ma ono na celu pe\u0142ne oczyszczenie i przygotowanie powierzchni. Do tego procesu wykorzystujemy nast\u0119puj\u0105c\u0105 infrastruktur\u0105: komor\u0119 o powierzchni 117,0 m2 do obr\u00f3bki strumieniowo-\u015bciernej \u015brutem [&hellip;]\" \/>\n<meta property=\"og:url\" content=\"https:\/\/inbul.pl\/en\/co-robimy\/antykorozja-i-powloki-specjalistyczne\/\" \/>\n<meta property=\"og:site_name\" content=\"IN-BUL - Konstrukcje stalowe\" \/>\n<meta property=\"article:modified_time\" content=\"2021-08-24T11:30:39+00:00\" \/>\n<meta property=\"og:image\" content=\"https:\/\/inbul.pl\/wp-content\/uploads\/2021\/07\/f4TqYbax023c1lFgmGgRxhXC02lWwNlv.jpg\" \/>\n\t<meta property=\"og:image:width\" content=\"1280\" \/>\n\t<meta property=\"og:image:height\" content=\"720\" \/>\n\t<meta property=\"og:image:type\" content=\"image\/jpeg\" \/>\n<meta name=\"twitter:card\" content=\"summary_large_image\" \/>\n<meta name=\"twitter:label1\" content=\"Estimated reading time\" \/>\n\t<meta name=\"twitter:data1\" content=\"2 minutes\" \/>\n<script type=\"application\/ld+json\" class=\"yoast-schema-graph\">{\"@context\":\"https:\/\/schema.org\",\"@graph\":[{\"@type\":\"WebPage\",\"@id\":\"https:\/\/inbul.pl\/en\/co-robimy\/antykorozja-i-powloki-specjalistyczne\/\",\"url\":\"https:\/\/inbul.pl\/en\/co-robimy\/antykorozja-i-powloki-specjalistyczne\/\",\"name\":\"Antykorozja i pow\u0142oki specjalistyczne - IN-BUL - Konstrukcje stalowe\",\"isPartOf\":{\"@id\":\"https:\/\/inbul.pl\/#website\"},\"datePublished\":\"2021-06-10T09:24:20+00:00\",\"dateModified\":\"2021-08-24T11:30:39+00:00\",\"breadcrumb\":{\"@id\":\"https:\/\/inbul.pl\/en\/co-robimy\/antykorozja-i-powloki-specjalistyczne\/#breadcrumb\"},\"inLanguage\":\"en-GB\",\"potentialAction\":[{\"@type\":\"ReadAction\",\"target\":[\"https:\/\/inbul.pl\/en\/co-robimy\/antykorozja-i-powloki-specjalistyczne\/\"]}]},{\"@type\":\"BreadcrumbList\",\"@id\":\"https:\/\/inbul.pl\/en\/co-robimy\/antykorozja-i-powloki-specjalistyczne\/#breadcrumb\",\"itemListElement\":[{\"@type\":\"ListItem\",\"position\":1,\"name\":\"Strona g\u0142\u00f3wna\",\"item\":\"https:\/\/inbul.pl\/\"},{\"@type\":\"ListItem\",\"position\":2,\"name\":\"Co robimy\",\"item\":\"http:\/\/inbul.pl\/co-robimy\/\"},{\"@type\":\"ListItem\",\"position\":3,\"name\":\"Antykorozja i pow\u0142oki specjalistyczne\"}]},{\"@type\":\"WebSite\",\"@id\":\"https:\/\/inbul.pl\/#website\",\"url\":\"https:\/\/inbul.pl\/\",\"name\":\"IN-BUL - Konstrukcje stalowe\",\"description\":\"Solidno\u015b\u0107 partnerstwa w biznesie\",\"publisher\":{\"@id\":\"https:\/\/inbul.pl\/#organization\"},\"potentialAction\":[{\"@type\":\"SearchAction\",\"target\":{\"@type\":\"EntryPoint\",\"urlTemplate\":\"https:\/\/inbul.pl\/?s={search_term_string}\"},\"query-input\":\"required name=search_term_string\"}],\"inLanguage\":\"en-GB\"},{\"@type\":\"Organization\",\"@id\":\"https:\/\/inbul.pl\/#organization\",\"name\":\"IN-BUL - Konstrukcje stalowe\",\"url\":\"https:\/\/inbul.pl\/\",\"logo\":{\"@type\":\"ImageObject\",\"inLanguage\":\"en-GB\",\"@id\":\"https:\/\/inbul.pl\/#\/schema\/logo\/image\/\",\"url\":\"https:\/\/inbul.pl\/wp-content\/uploads\/2021\/06\/Logo-IN-BUL-white.png\",\"contentUrl\":\"https:\/\/inbul.pl\/wp-content\/uploads\/2021\/06\/Logo-IN-BUL-white.png\",\"width\":682,\"height\":253,\"caption\":\"IN-BUL - Konstrukcje stalowe\"},\"image\":{\"@id\":\"https:\/\/inbul.pl\/#\/schema\/logo\/image\/\"}}]}<\/script>\n<!-- \/ Yoast SEO plugin. -->","yoast_head_json":{"title":"Antykorozja i pow\u0142oki specjalistyczne - IN-BUL - Konstrukcje stalowe","robots":{"index":"index","follow":"follow","max-snippet":"max-snippet:-1","max-image-preview":"max-image-preview:large","max-video-preview":"max-video-preview:-1"},"canonical":"https:\/\/inbul.pl\/en\/co-robimy\/antykorozja-i-powloki-specjalistyczne\/","og_locale":"en_GB","og_type":"article","og_title":"Antykorozja i pow\u0142oki specjalistyczne - IN-BUL - Konstrukcje stalowe","og_description":"Antykorozja i pow\u0142oki specjalistyczne W firmie IN-BUL wiemy, \u017ce jednym z najwa\u017cniejszych czynnik\u00f3w chroni\u0105cych konstrukcje stalowe jest ich odpowiednie zabezpieczenie przed korozj\u0105. Ca\u0142y proces nak\u0142adania pow\u0142oki rozpoczyna si\u0119 od \u015brutowania stali. Ma ono na celu pe\u0142ne oczyszczenie i przygotowanie powierzchni. Do tego procesu wykorzystujemy nast\u0119puj\u0105c\u0105 infrastruktur\u0105: komor\u0119 o powierzchni 117,0 m2 do obr\u00f3bki strumieniowo-\u015bciernej \u015brutem [&hellip;]","og_url":"https:\/\/inbul.pl\/en\/co-robimy\/antykorozja-i-powloki-specjalistyczne\/","og_site_name":"IN-BUL - Konstrukcje stalowe","article_modified_time":"2021-08-24T11:30:39+00:00","og_image":[{"width":1280,"height":720,"url":"https:\/\/inbul.pl\/wp-content\/uploads\/2021\/07\/f4TqYbax023c1lFgmGgRxhXC02lWwNlv.jpg","type":"image\/jpeg"}],"twitter_card":"summary_large_image","twitter_misc":{"Estimated reading time":"2 minutes"},"schema":{"@context":"https:\/\/schema.org","@graph":[{"@type":"WebPage","@id":"https:\/\/inbul.pl\/en\/co-robimy\/antykorozja-i-powloki-specjalistyczne\/","url":"https:\/\/inbul.pl\/en\/co-robimy\/antykorozja-i-powloki-specjalistyczne\/","name":"Antykorozja i pow\u0142oki specjalistyczne - IN-BUL - Konstrukcje stalowe","isPartOf":{"@id":"https:\/\/inbul.pl\/#website"},"datePublished":"2021-06-10T09:24:20+00:00","dateModified":"2021-08-24T11:30:39+00:00","breadcrumb":{"@id":"https:\/\/inbul.pl\/en\/co-robimy\/antykorozja-i-powloki-specjalistyczne\/#breadcrumb"},"inLanguage":"en-GB","potentialAction":[{"@type":"ReadAction","target":["https:\/\/inbul.pl\/en\/co-robimy\/antykorozja-i-powloki-specjalistyczne\/"]}]},{"@type":"BreadcrumbList","@id":"https:\/\/inbul.pl\/en\/co-robimy\/antykorozja-i-powloki-specjalistyczne\/#breadcrumb","itemListElement":[{"@type":"ListItem","position":1,"name":"Strona g\u0142\u00f3wna","item":"https:\/\/inbul.pl\/"},{"@type":"ListItem","position":2,"name":"Co robimy","item":"http:\/\/inbul.pl\/co-robimy\/"},{"@type":"ListItem","position":3,"name":"Antykorozja i pow\u0142oki specjalistyczne"}]},{"@type":"WebSite","@id":"https:\/\/inbul.pl\/#website","url":"https:\/\/inbul.pl\/","name":"IN-BUL - Konstrukcje stalowe","description":"Solidno\u015b\u0107 partnerstwa w biznesie","publisher":{"@id":"https:\/\/inbul.pl\/#organization"},"potentialAction":[{"@type":"SearchAction","target":{"@type":"EntryPoint","urlTemplate":"https:\/\/inbul.pl\/?s={search_term_string}"},"query-input":"required name=search_term_string"}],"inLanguage":"en-GB"},{"@type":"Organization","@id":"https:\/\/inbul.pl\/#organization","name":"IN-BUL - Konstrukcje stalowe","url":"https:\/\/inbul.pl\/","logo":{"@type":"ImageObject","inLanguage":"en-GB","@id":"https:\/\/inbul.pl\/#\/schema\/logo\/image\/","url":"https:\/\/inbul.pl\/wp-content\/uploads\/2021\/06\/Logo-IN-BUL-white.png","contentUrl":"https:\/\/inbul.pl\/wp-content\/uploads\/2021\/06\/Logo-IN-BUL-white.png","width":682,"height":253,"caption":"IN-BUL - Konstrukcje stalowe"},"image":{"@id":"https:\/\/inbul.pl\/#\/schema\/logo\/image\/"}}]}},"_links":{"self":[{"href":"https:\/\/inbul.pl\/en\/wp-json\/wp\/v2\/pages\/68","targetHints":{"allow":["GET"]}}],"collection":[{"href":"https:\/\/inbul.pl\/en\/wp-json\/wp\/v2\/pages"}],"about":[{"href":"https:\/\/inbul.pl\/en\/wp-json\/wp\/v2\/types\/page"}],"author":[{"embeddable":true,"href":"https:\/\/inbul.pl\/en\/wp-json\/wp\/v2\/users\/2"}],"replies":[{"embeddable":true,"href":"https:\/\/inbul.pl\/en\/wp-json\/wp\/v2\/comments?post=68"}],"version-history":[{"count":89,"href":"https:\/\/inbul.pl\/en\/wp-json\/wp\/v2\/pages\/68\/revisions"}],"predecessor-version":[{"id":2699,"href":"https:\/\/inbul.pl\/en\/wp-json\/wp\/v2\/pages\/68\/revisions\/2699"}],"up":[{"embeddable":true,"href":"https:\/\/inbul.pl\/en\/wp-json\/wp\/v2\/pages\/52"}],"wp:featuredmedia":[{"embeddable":true,"href":"https:\/\/inbul.pl\/en\/wp-json\/wp\/v2\/media\/670"}],"wp:attachment":[{"href":"https:\/\/inbul.pl\/en\/wp-json\/wp\/v2\/media?parent=68"}],"curies":[{"name":"wp","href":"https:\/\/api.w.org\/{rel}","templated":true}]}}