{"id":64,"date":"2021-06-10T11:23:41","date_gmt":"2021-06-10T09:23:41","guid":{"rendered":"http:\/\/inbul.testyxtraweb.pl\/?page_id=64"},"modified":"2021-09-08T13:24:49","modified_gmt":"2021-09-08T11:24:49","slug":"spawanie","status":"publish","type":"page","link":"https:\/\/inbul.pl\/en\/co-robimy\/spawanie\/","title":{"rendered":"Welding"},"content":{"rendered":"<div data-elementor-type=\"wp-page\" data-elementor-id=\"64\" class=\"elementor elementor-64\" data-elementor-settings=\"[]\">\n\t\t\t\t\t\t<div class=\"elementor-inner\">\n\t\t\t\t\t\t\t<div class=\"elementor-section-wrap\">\n\t\t\t\t\t\t\t<section class=\"has_eae_slider elementor-section elementor-top-section elementor-element elementor-element-e425c58 elementor-section-full_width elementor-section-height-default elementor-section-height-default\" data-id=\"e425c58\" data-element_type=\"section\" data-settings=\"{&quot;background_background&quot;:&quot;classic&quot;}\">\n\t\t\t\t\t\t<div class=\"elementor-container elementor-column-gap-default\">\n\t\t\t\t\t\t\t<div class=\"elementor-row\">\n\t\t\t\t\t<div class=\"has_eae_slider elementor-column elementor-col-100 elementor-top-column elementor-element elementor-element-850db19\" data-id=\"850db19\" data-element_type=\"column\">\n\t\t\t<div class=\"elementor-column-wrap elementor-element-populated\">\n\t\t\t\t\t\t\t<div class=\"elementor-widget-wrap\">\n\t\t\t\t\t\t<section class=\"has_eae_slider elementor-section elementor-inner-section elementor-element elementor-element-dfa0fb7 elementor-section-full_width elementor-section-height-default elementor-section-height-default\" data-id=\"dfa0fb7\" data-element_type=\"section\" data-settings=\"{&quot;background_background&quot;:&quot;classic&quot;}\">\n\t\t\t\t\t\t<div class=\"elementor-container elementor-column-gap-default\">\n\t\t\t\t\t\t\t<div class=\"elementor-row\">\n\t\t\t\t\t<div class=\"has_eae_slider elementor-column elementor-col-100 elementor-inner-column elementor-element elementor-element-0e21a6a\" data-id=\"0e21a6a\" data-element_type=\"column\">\n\t\t\t<div class=\"elementor-column-wrap elementor-element-populated\">\n\t\t\t\t\t\t\t<div class=\"elementor-widget-wrap\">\n\t\t\t\t\t\t<div class=\"elementor-element elementor-element-abfdfaf elementor-widget elementor-widget-heading\" data-id=\"abfdfaf\" data-element_type=\"widget\" data-widget_type=\"heading.default\">\n\t\t\t\t<div class=\"elementor-widget-container\">\n\t\t\t<h2 class=\"elementor-heading-title elementor-size-default\">Welding<\/h2>\t\t<\/div>\n\t\t\t\t<\/div>\n\t\t\t\t<div class=\"elementor-element elementor-element-03ae594 elementor-widget elementor-widget-text-editor\" data-id=\"03ae594\" data-element_type=\"widget\" data-widget_type=\"text-editor.default\">\n\t\t\t\t<div class=\"elementor-widget-container\">\n\t\t\t\t\t\t\t\t<div class=\"elementor-text-editor elementor-clearfix\">\n\t\t\t\t<p><strong>Steel structures<\/strong> shall be highly safe, durable and robust. Welding is one of the most important manufacturing stages that takes place in our workshop. We are aware of the responsibility for this manufacturing stage, therefore, we continually invest in the development of new welding technologies. The whole process is supervised by our highly qualified and certified personnel (IWE, IWI). In addition, we continuously improve the qualification of the whole team.<\/p><p>\u00a0<\/p>\t\t\t\t\t<\/div>\n\t\t\t\t\t\t<\/div>\n\t\t\t\t<\/div>\n\t\t\t\t\t\t<\/div>\n\t\t\t\t\t<\/div>\n\t\t<\/div>\n\t\t\t\t\t\t\t\t<\/div>\n\t\t\t\t\t<\/div>\n\t\t<\/section>\n\t\t\t\t\t\t<\/div>\n\t\t\t\t\t<\/div>\n\t\t<\/div>\n\t\t\t\t\t\t\t\t<\/div>\n\t\t\t\t\t<\/div>\n\t\t<\/section>\n\t\t\t\t<section class=\"has_eae_slider elementor-section elementor-top-section elementor-element elementor-element-8dbea8f elementor-section-full_width elementor-section-height-default elementor-section-height-default\" data-id=\"8dbea8f\" data-element_type=\"section\">\n\t\t\t\t\t\t<div class=\"elementor-container elementor-column-gap-default\">\n\t\t\t\t\t\t\t<div class=\"elementor-row\">\n\t\t\t\t\t<div class=\"has_eae_slider elementor-column elementor-col-50 elementor-top-column elementor-element elementor-element-7ba8f39\" data-id=\"7ba8f39\" data-element_type=\"column\" data-settings=\"{&quot;background_background&quot;:&quot;classic&quot;}\">\n\t\t\t<div class=\"elementor-column-wrap elementor-element-populated\">\n\t\t\t\t\t\t\t<div class=\"elementor-widget-wrap\">\n\t\t\t\t\t\t<div class=\"elementor-element elementor-element-716c730 elementor-widget elementor-widget-heading\" data-id=\"716c730\" data-element_type=\"widget\" data-widget_type=\"heading.default\">\n\t\t\t\t<div class=\"elementor-widget-container\">\n\t\t\t<h2 class=\"elementor-heading-title elementor-size-default\">THE FOLLOWING WELDING METHODS ARE USED AT IN-BUL:<\/h2>\t\t<\/div>\n\t\t\t\t<\/div>\n\t\t\t\t<div class=\"elementor-element elementor-element-d2f95bb elementor-icon-list--layout-traditional elementor-list-item-link-full_width elementor-widget elementor-widget-icon-list\" data-id=\"d2f95bb\" data-element_type=\"widget\" data-widget_type=\"icon-list.default\">\n\t\t\t\t<div class=\"elementor-widget-container\">\n\t\t\t\t\t<ul class=\"elementor-icon-list-items\">\n\t\t\t\t\t\t\t<li class=\"elementor-icon-list-item\">\n\t\t\t\t\t\t\t\t\t\t\t<span class=\"elementor-icon-list-icon\">\n\t\t\t\t\t\t\t<i aria-hidden=\"true\" class=\"fas fa-circle\"><\/i>\t\t\t\t\t\t<\/span>\n\t\t\t\t\t\t\t\t\t\t<span class=\"elementor-icon-list-text\">GMAW - (MIG\/MAG): 131, 135<\/span>\n\t\t\t\t\t\t\t\t\t<\/li>\n\t\t\t\t\t\t\t\t<li class=\"elementor-icon-list-item\">\n\t\t\t\t\t\t\t\t\t\t\t<span class=\"elementor-icon-list-icon\">\n\t\t\t\t\t\t\t<i aria-hidden=\"true\" class=\"fas fa-circle\"><\/i>\t\t\t\t\t\t<\/span>\n\t\t\t\t\t\t\t\t\t\t<span class=\"elementor-icon-list-text\">FCAW: 136, 138<\/span>\n\t\t\t\t\t\t\t\t\t<\/li>\n\t\t\t\t\t\t\t\t<li class=\"elementor-icon-list-item\">\n\t\t\t\t\t\t\t\t\t\t\t<span class=\"elementor-icon-list-icon\">\n\t\t\t\t\t\t\t<i aria-hidden=\"true\" class=\"fas fa-circle\"><\/i>\t\t\t\t\t\t<\/span>\n\t\t\t\t\t\t\t\t\t\t<span class=\"elementor-icon-list-text\">SAW: 121, 124<\/span>\n\t\t\t\t\t\t\t\t\t<\/li>\n\t\t\t\t\t\t\t\t<li class=\"elementor-icon-list-item\">\n\t\t\t\t\t\t\t\t\t\t\t<span class=\"elementor-icon-list-icon\">\n\t\t\t\t\t\t\t<i aria-hidden=\"true\" class=\"fas fa-circle\"><\/i>\t\t\t\t\t\t<\/span>\n\t\t\t\t\t\t\t\t\t\t<span class=\"elementor-icon-list-text\">GTAW - (TIG): 141<\/span>\n\t\t\t\t\t\t\t\t\t<\/li>\n\t\t\t\t\t\t<\/ul>\n\t\t\t\t<\/div>\n\t\t\t\t<\/div>\n\t\t\t\t\t\t<\/div>\n\t\t\t\t\t<\/div>\n\t\t<\/div>\n\t\t\t\t<div class=\"has_eae_slider elementor-column elementor-col-50 elementor-top-column elementor-element elementor-element-3a6bcf3 elementor-hidden-tablet elementor-hidden-phone\" data-id=\"3a6bcf3\" data-element_type=\"column\" data-settings=\"{&quot;background_background&quot;:&quot;classic&quot;}\">\n\t\t\t<div class=\"elementor-column-wrap\">\n\t\t\t\t\t\t\t<div class=\"elementor-widget-wrap\">\n\t\t\t\t\t\t\t\t<\/div>\n\t\t\t\t\t<\/div>\n\t\t<\/div>\n\t\t\t\t\t\t\t\t<\/div>\n\t\t\t\t\t<\/div>\n\t\t<\/section>\n\t\t\t\t<section class=\"has_eae_slider elementor-section elementor-top-section elementor-element elementor-element-ed33a42 elementor-section-full_width elementor-section-height-default elementor-section-height-default\" data-id=\"ed33a42\" data-element_type=\"section\" data-settings=\"{&quot;background_background&quot;:&quot;classic&quot;}\">\n\t\t\t\t\t\t<div class=\"elementor-container elementor-column-gap-default\">\n\t\t\t\t\t\t\t<div class=\"elementor-row\">\n\t\t\t\t\t<div class=\"has_eae_slider elementor-column elementor-col-50 elementor-top-column elementor-element elementor-element-d32cc9a\" data-id=\"d32cc9a\" data-element_type=\"column\" data-settings=\"{&quot;background_background&quot;:&quot;classic&quot;}\">\n\t\t\t<div class=\"elementor-column-wrap elementor-element-populated\">\n\t\t\t\t\t\t\t<div class=\"elementor-widget-wrap\">\n\t\t\t\t\t\t<div class=\"elementor-element elementor-element-4ad1d4e elementor-widget elementor-widget-heading\" data-id=\"4ad1d4e\" data-element_type=\"widget\" data-widget_type=\"heading.default\">\n\t\t\t\t<div class=\"elementor-widget-container\">\n\t\t\t<h2 class=\"elementor-heading-title elementor-size-default\">Welding<\/h2>\t\t<\/div>\n\t\t\t\t<\/div>\n\t\t\t\t<div class=\"elementor-element elementor-element-34b33b5 elementor-absolute elementor-hidden-phone elementor-widget elementor-widget-image\" data-id=\"34b33b5\" data-element_type=\"widget\" data-settings=\"{&quot;_position&quot;:&quot;absolute&quot;}\" data-widget_type=\"image.default\">\n\t\t\t\t<div class=\"elementor-widget-container\">\n\t\t\t\t\t\t\t\t<div class=\"elementor-image\">\n\t\t\t\t\t\t\t\t\t\t\t\t<img loading=\"lazy\" decoding=\"async\" width=\"49\" height=\"39\" src=\"https:\/\/inbul.pl\/wp-content\/uploads\/2021\/07\/element-1.png\" class=\"attachment-full size-full\" alt=\"\" \/>\t\t\t\t\t\t\t\t\t\t\t\t\t\t<\/div>\n\t\t\t\t\t\t<\/div>\n\t\t\t\t<\/div>\n\t\t\t\t<div class=\"elementor-element elementor-element-3430589 elementor-widget elementor-widget-text-editor\" data-id=\"3430589\" data-element_type=\"widget\" data-widget_type=\"text-editor.default\">\n\t\t\t\t<div class=\"elementor-widget-container\">\n\t\t\t\t\t\t\t\t<div class=\"elementor-text-editor elementor-clearfix\">\n\t\t\t\t<p>POSSIBILITY OF INCONEL 625 CLADDING<\/p>\t\t\t\t\t<\/div>\n\t\t\t\t\t\t<\/div>\n\t\t\t\t<\/div>\n\t\t\t\t<div class=\"elementor-element elementor-element-68b5ead elementor-widget-divider--view-line elementor-invisible elementor-widget elementor-widget-divider\" data-id=\"68b5ead\" data-element_type=\"widget\" data-settings=\"{&quot;_animation&quot;:&quot;zoomInLeft&quot;}\" data-widget_type=\"divider.default\">\n\t\t\t\t<div class=\"elementor-widget-container\">\n\t\t\t\t\t<div class=\"elementor-divider\">\n\t\t\t<span class=\"elementor-divider-separator\">\n\t\t\t\t\t\t<\/span>\n\t\t<\/div>\n\t\t\t\t<\/div>\n\t\t\t\t<\/div>\n\t\t\t\t\t\t<\/div>\n\t\t\t\t\t<\/div>\n\t\t<\/div>\n\t\t\t\t<div class=\"has_eae_slider elementor-column elementor-col-50 elementor-top-column elementor-element elementor-element-de7ca70\" data-id=\"de7ca70\" data-element_type=\"column\" data-settings=\"{&quot;background_background&quot;:&quot;classic&quot;}\">\n\t\t\t<div class=\"elementor-column-wrap elementor-element-populated\">\n\t\t\t\t\t\t\t<div class=\"elementor-widget-wrap\">\n\t\t\t\t\t\t<div class=\"elementor-element elementor-element-712a518 elementor-widget elementor-widget-text-editor\" data-id=\"712a518\" data-element_type=\"widget\" data-widget_type=\"text-editor.default\">\n\t\t\t\t<div class=\"elementor-widget-container\">\n\t\t\t\t\t\t\t\t<div class=\"elementor-text-editor elementor-clearfix\">\n\t\t\t\t<p>We cooperate closely with such certifying bodies as DNV and UDT. At the moment, we enjoy having a great deal of the approved welding procedures and their number is still increasing.<\/p><p class=\" translation-block\">In order to meet the high requirements of our clients, we constantly develop and improve our welding qualifications. What distinguishes us on the market is <strong> Inconel 625 cladding. <\/strong>Furthermore, our machine park is equipped with i.e. such machines as Fronius cladding system and ESAB pillar jib crane for welding.<\/p>\t\t\t\t\t<\/div>\n\t\t\t\t\t\t<\/div>\n\t\t\t\t<\/div>\n\t\t\t\t\t\t<\/div>\n\t\t\t\t\t<\/div>\n\t\t<\/div>\n\t\t\t\t\t\t\t\t<\/div>\n\t\t\t\t\t<\/div>\n\t\t<\/section>\n\t\t\t\t\t\t<\/div>\n\t\t\t\t\t\t<\/div>\n\t\t\t\t\t<\/div>","protected":false},"excerpt":{"rendered":"<p>SPAWANIE Konstrukcje stalowe powinny cechowa\u0107 si\u0119 wysokim bezpiecze\u0144stwem, trwa\u0142o\u015bci\u0105 oraz solidno\u015bci\u0105 wykonania. Proces spawania jest jednym z najwa\u017cniejszych etap\u00f3w produkcji w naszej firmie. Jeste\u015bmy \u015bwiadomi odpowiedzialno\u015bci, jaka wi\u0105\u017ce si\u0119 z tym etapem produkcji, dlatego te\u017c stale inwestujemy w rozw\u00f3j tego obszaru. Nad ca\u0142o\u015bci\u0105 wykonania czuwa nasz wysoko wykwalifikowany i certyfikowany personel (IWE, IWI). Ponadto nieustannie [&hellip;]<\/p>","protected":false},"author":2,"featured_media":673,"parent":52,"menu_order":0,"comment_status":"closed","ping_status":"closed","template":"","meta":{"footnotes":""},"class_list":["post-64","page","type-page","status-publish","has-post-thumbnail","hentry"],"acf":[],"yoast_head":"<!-- This site is optimized with the Yoast SEO plugin v19.13 - https:\/\/yoast.com\/wordpress\/plugins\/seo\/ -->\n<title>Spawanie - IN-BUL - Konstrukcje stalowe<\/title>\n<meta name=\"robots\" content=\"index, follow, max-snippet:-1, max-image-preview:large, max-video-preview:-1\" \/>\n<link rel=\"canonical\" href=\"https:\/\/inbul.pl\/en\/co-robimy\/spawanie\/\" \/>\n<meta property=\"og:locale\" content=\"en_GB\" \/>\n<meta property=\"og:type\" content=\"article\" \/>\n<meta property=\"og:title\" content=\"Spawanie - IN-BUL - Konstrukcje stalowe\" \/>\n<meta property=\"og:description\" content=\"SPAWANIE Konstrukcje stalowe powinny cechowa\u0107 si\u0119 wysokim bezpiecze\u0144stwem, trwa\u0142o\u015bci\u0105 oraz solidno\u015bci\u0105 wykonania. Proces spawania jest jednym z najwa\u017cniejszych etap\u00f3w produkcji w naszej firmie. Jeste\u015bmy \u015bwiadomi odpowiedzialno\u015bci, jaka wi\u0105\u017ce si\u0119 z tym etapem produkcji, dlatego te\u017c stale inwestujemy w rozw\u00f3j tego obszaru. Nad ca\u0142o\u015bci\u0105 wykonania czuwa nasz wysoko wykwalifikowany i certyfikowany personel (IWE, IWI). Ponadto nieustannie [&hellip;]\" \/>\n<meta property=\"og:url\" content=\"https:\/\/inbul.pl\/en\/co-robimy\/spawanie\/\" \/>\n<meta property=\"og:site_name\" content=\"IN-BUL - Konstrukcje stalowe\" \/>\n<meta property=\"article:modified_time\" content=\"2021-09-08T11:24:49+00:00\" \/>\n<meta property=\"og:image\" content=\"http:\/\/inbul.pl\/wp-content\/uploads\/2021\/07\/shutterstock_791080666-scaled-1.jpg\" \/>\n\t<meta property=\"og:image:width\" content=\"2560\" \/>\n\t<meta property=\"og:image:height\" content=\"1706\" \/>\n\t<meta property=\"og:image:type\" content=\"image\/jpeg\" \/>\n<meta name=\"twitter:card\" content=\"summary_large_image\" \/>\n<meta name=\"twitter:label1\" content=\"Estimated reading time\" \/>\n\t<meta name=\"twitter:data1\" content=\"1 minute\" \/>\n<script type=\"application\/ld+json\" class=\"yoast-schema-graph\">{\"@context\":\"https:\/\/schema.org\",\"@graph\":[{\"@type\":\"WebPage\",\"@id\":\"http:\/\/inbul.pl\/co-robimy\/spawanie\/\",\"url\":\"http:\/\/inbul.pl\/co-robimy\/spawanie\/\",\"name\":\"Spawanie - IN-BUL - Konstrukcje stalowe\",\"isPartOf\":{\"@id\":\"https:\/\/inbul.pl\/#website\"},\"datePublished\":\"2021-06-10T09:23:41+00:00\",\"dateModified\":\"2021-09-08T11:24:49+00:00\",\"breadcrumb\":{\"@id\":\"http:\/\/inbul.pl\/co-robimy\/spawanie\/#breadcrumb\"},\"inLanguage\":\"en-GB\",\"potentialAction\":[{\"@type\":\"ReadAction\",\"target\":[\"http:\/\/inbul.pl\/co-robimy\/spawanie\/\"]}]},{\"@type\":\"BreadcrumbList\",\"@id\":\"http:\/\/inbul.pl\/co-robimy\/spawanie\/#breadcrumb\",\"itemListElement\":[{\"@type\":\"ListItem\",\"position\":1,\"name\":\"Strona g\u0142\u00f3wna\",\"item\":\"https:\/\/inbul.pl\/\"},{\"@type\":\"ListItem\",\"position\":2,\"name\":\"Co robimy\",\"item\":\"http:\/\/inbul.pl\/co-robimy\/\"},{\"@type\":\"ListItem\",\"position\":3,\"name\":\"Spawanie\"}]},{\"@type\":\"WebSite\",\"@id\":\"https:\/\/inbul.pl\/#website\",\"url\":\"https:\/\/inbul.pl\/\",\"name\":\"IN-BUL - Konstrukcje stalowe\",\"description\":\"Solidno\u015b\u0107 partnerstwa w biznesie\",\"publisher\":{\"@id\":\"https:\/\/inbul.pl\/#organization\"},\"potentialAction\":[{\"@type\":\"SearchAction\",\"target\":{\"@type\":\"EntryPoint\",\"urlTemplate\":\"https:\/\/inbul.pl\/?s={search_term_string}\"},\"query-input\":\"required name=search_term_string\"}],\"inLanguage\":\"en-GB\"},{\"@type\":\"Organization\",\"@id\":\"https:\/\/inbul.pl\/#organization\",\"name\":\"IN-BUL - Konstrukcje stalowe\",\"url\":\"https:\/\/inbul.pl\/\",\"logo\":{\"@type\":\"ImageObject\",\"inLanguage\":\"en-GB\",\"@id\":\"https:\/\/inbul.pl\/#\/schema\/logo\/image\/\",\"url\":\"https:\/\/inbul.pl\/wp-content\/uploads\/2021\/06\/Logo-IN-BUL-white.png\",\"contentUrl\":\"https:\/\/inbul.pl\/wp-content\/uploads\/2021\/06\/Logo-IN-BUL-white.png\",\"width\":682,\"height\":253,\"caption\":\"IN-BUL - Konstrukcje stalowe\"},\"image\":{\"@id\":\"https:\/\/inbul.pl\/#\/schema\/logo\/image\/\"}}]}<\/script>\n<!-- \/ Yoast SEO plugin. -->","yoast_head_json":{"title":"Spawanie - IN-BUL - Konstrukcje stalowe","robots":{"index":"index","follow":"follow","max-snippet":"max-snippet:-1","max-image-preview":"max-image-preview:large","max-video-preview":"max-video-preview:-1"},"canonical":"https:\/\/inbul.pl\/en\/co-robimy\/spawanie\/","og_locale":"en_GB","og_type":"article","og_title":"Spawanie - IN-BUL - Konstrukcje stalowe","og_description":"SPAWANIE Konstrukcje stalowe powinny cechowa\u0107 si\u0119 wysokim bezpiecze\u0144stwem, trwa\u0142o\u015bci\u0105 oraz solidno\u015bci\u0105 wykonania. Proces spawania jest jednym z najwa\u017cniejszych etap\u00f3w produkcji w naszej firmie. Jeste\u015bmy \u015bwiadomi odpowiedzialno\u015bci, jaka wi\u0105\u017ce si\u0119 z tym etapem produkcji, dlatego te\u017c stale inwestujemy w rozw\u00f3j tego obszaru. Nad ca\u0142o\u015bci\u0105 wykonania czuwa nasz wysoko wykwalifikowany i certyfikowany personel (IWE, IWI). Ponadto nieustannie [&hellip;]","og_url":"https:\/\/inbul.pl\/en\/co-robimy\/spawanie\/","og_site_name":"IN-BUL - Konstrukcje stalowe","article_modified_time":"2021-09-08T11:24:49+00:00","og_image":[{"width":2560,"height":1706,"url":"http:\/\/inbul.pl\/wp-content\/uploads\/2021\/07\/shutterstock_791080666-scaled-1.jpg","type":"image\/jpeg"}],"twitter_card":"summary_large_image","twitter_misc":{"Estimated reading time":"1 minute"},"schema":{"@context":"https:\/\/schema.org","@graph":[{"@type":"WebPage","@id":"http:\/\/inbul.pl\/co-robimy\/spawanie\/","url":"http:\/\/inbul.pl\/co-robimy\/spawanie\/","name":"Spawanie - IN-BUL - Konstrukcje stalowe","isPartOf":{"@id":"https:\/\/inbul.pl\/#website"},"datePublished":"2021-06-10T09:23:41+00:00","dateModified":"2021-09-08T11:24:49+00:00","breadcrumb":{"@id":"http:\/\/inbul.pl\/co-robimy\/spawanie\/#breadcrumb"},"inLanguage":"en-GB","potentialAction":[{"@type":"ReadAction","target":["http:\/\/inbul.pl\/co-robimy\/spawanie\/"]}]},{"@type":"BreadcrumbList","@id":"http:\/\/inbul.pl\/co-robimy\/spawanie\/#breadcrumb","itemListElement":[{"@type":"ListItem","position":1,"name":"Strona g\u0142\u00f3wna","item":"https:\/\/inbul.pl\/"},{"@type":"ListItem","position":2,"name":"Co robimy","item":"http:\/\/inbul.pl\/co-robimy\/"},{"@type":"ListItem","position":3,"name":"Spawanie"}]},{"@type":"WebSite","@id":"https:\/\/inbul.pl\/#website","url":"https:\/\/inbul.pl\/","name":"IN-BUL - Konstrukcje stalowe","description":"Solidno\u015b\u0107 partnerstwa w biznesie","publisher":{"@id":"https:\/\/inbul.pl\/#organization"},"potentialAction":[{"@type":"SearchAction","target":{"@type":"EntryPoint","urlTemplate":"https:\/\/inbul.pl\/?s={search_term_string}"},"query-input":"required name=search_term_string"}],"inLanguage":"en-GB"},{"@type":"Organization","@id":"https:\/\/inbul.pl\/#organization","name":"IN-BUL - Konstrukcje stalowe","url":"https:\/\/inbul.pl\/","logo":{"@type":"ImageObject","inLanguage":"en-GB","@id":"https:\/\/inbul.pl\/#\/schema\/logo\/image\/","url":"https:\/\/inbul.pl\/wp-content\/uploads\/2021\/06\/Logo-IN-BUL-white.png","contentUrl":"https:\/\/inbul.pl\/wp-content\/uploads\/2021\/06\/Logo-IN-BUL-white.png","width":682,"height":253,"caption":"IN-BUL - Konstrukcje stalowe"},"image":{"@id":"https:\/\/inbul.pl\/#\/schema\/logo\/image\/"}}]}},"_links":{"self":[{"href":"https:\/\/inbul.pl\/en\/wp-json\/wp\/v2\/pages\/64","targetHints":{"allow":["GET"]}}],"collection":[{"href":"https:\/\/inbul.pl\/en\/wp-json\/wp\/v2\/pages"}],"about":[{"href":"https:\/\/inbul.pl\/en\/wp-json\/wp\/v2\/types\/page"}],"author":[{"embeddable":true,"href":"https:\/\/inbul.pl\/en\/wp-json\/wp\/v2\/users\/2"}],"replies":[{"embeddable":true,"href":"https:\/\/inbul.pl\/en\/wp-json\/wp\/v2\/comments?post=64"}],"version-history":[{"count":55,"href":"https:\/\/inbul.pl\/en\/wp-json\/wp\/v2\/pages\/64\/revisions"}],"predecessor-version":[{"id":2876,"href":"https:\/\/inbul.pl\/en\/wp-json\/wp\/v2\/pages\/64\/revisions\/2876"}],"up":[{"embeddable":true,"href":"https:\/\/inbul.pl\/en\/wp-json\/wp\/v2\/pages\/52"}],"wp:featuredmedia":[{"embeddable":true,"href":"https:\/\/inbul.pl\/en\/wp-json\/wp\/v2\/media\/673"}],"wp:attachment":[{"href":"https:\/\/inbul.pl\/en\/wp-json\/wp\/v2\/media?parent=64"}],"curies":[{"name":"wp","href":"https:\/\/api.w.org\/{rel}","templated":true}]}}