{"id":62,"date":"2021-06-10T11:23:31","date_gmt":"2021-06-10T09:23:31","guid":{"rendered":"http:\/\/inbul.testyxtraweb.pl\/?page_id=62"},"modified":"2021-08-24T13:31:53","modified_gmt":"2021-08-24T11:31:53","slug":"ciecie-walcowanie-i-giecie","status":"publish","type":"page","link":"https:\/\/inbul.pl\/en\/co-robimy\/ciecie-walcowanie-i-giecie\/","title":{"rendered":"CUTTING, ROLLING AND BENDING"},"content":{"rendered":"<div data-elementor-type=\"wp-page\" data-elementor-id=\"62\" class=\"elementor elementor-62\" data-elementor-settings=\"[]\">\n\t\t\t\t\t\t<div class=\"elementor-inner\">\n\t\t\t\t\t\t\t<div class=\"elementor-section-wrap\">\n\t\t\t\t\t\t\t<section class=\"has_eae_slider elementor-section elementor-top-section elementor-element elementor-element-e02c697 elementor-section-full_width elementor-section-height-default elementor-section-height-default\" data-id=\"e02c697\" data-element_type=\"section\" data-settings=\"{&quot;background_background&quot;:&quot;classic&quot;}\">\n\t\t\t\t\t\t<div class=\"elementor-container elementor-column-gap-default\">\n\t\t\t\t\t\t\t<div class=\"elementor-row\">\n\t\t\t\t\t<div class=\"has_eae_slider elementor-column elementor-col-100 elementor-top-column elementor-element elementor-element-67cc68c\" data-id=\"67cc68c\" data-element_type=\"column\">\n\t\t\t<div class=\"elementor-column-wrap elementor-element-populated\">\n\t\t\t\t\t\t\t<div class=\"elementor-widget-wrap\">\n\t\t\t\t\t\t<section class=\"has_eae_slider elementor-section elementor-inner-section elementor-element elementor-element-77b5c7e elementor-section-full_width elementor-section-height-default elementor-section-height-default\" data-id=\"77b5c7e\" data-element_type=\"section\" data-settings=\"{&quot;background_background&quot;:&quot;classic&quot;}\">\n\t\t\t\t\t\t<div class=\"elementor-container elementor-column-gap-default\">\n\t\t\t\t\t\t\t<div class=\"elementor-row\">\n\t\t\t\t\t<div class=\"has_eae_slider elementor-column elementor-col-100 elementor-inner-column elementor-element elementor-element-a587bf6\" data-id=\"a587bf6\" data-element_type=\"column\">\n\t\t\t<div class=\"elementor-column-wrap elementor-element-populated\">\n\t\t\t\t\t\t\t<div class=\"elementor-widget-wrap\">\n\t\t\t\t\t\t<div class=\"elementor-element elementor-element-73b0554 elementor-widget elementor-widget-heading\" data-id=\"73b0554\" data-element_type=\"widget\" data-widget_type=\"heading.default\">\n\t\t\t\t<div class=\"elementor-widget-container\">\n\t\t\t<h2 class=\"elementor-heading-title elementor-size-default\">CUTTING, ROLLING AND BENDING<\/h2>\t\t<\/div>\n\t\t\t\t<\/div>\n\t\t\t\t<div class=\"elementor-element elementor-element-a7909ce elementor-widget elementor-widget-text-editor\" data-id=\"a7909ce\" data-element_type=\"widget\" data-widget_type=\"text-editor.default\">\n\t\t\t\t<div class=\"elementor-widget-container\">\n\t\t\t\t\t\t\t\t<div class=\"elementor-text-editor elementor-clearfix\">\n\t\t\t\t<p>In our company, we have a metal forming department, where the following processes take place: as cutting, rolling and bending, therefore, we are self-sufficient when it comes to preparing items for the next manufacturing stages. At this manufacturing stage, we pay a special attention to use materials in the most effective way and to reduce the amount of the produced waste to the minimum.<\/p>\t\t\t\t\t<\/div>\n\t\t\t\t\t\t<\/div>\n\t\t\t\t<\/div>\n\t\t\t\t\t\t<\/div>\n\t\t\t\t\t<\/div>\n\t\t<\/div>\n\t\t\t\t\t\t\t\t<\/div>\n\t\t\t\t\t<\/div>\n\t\t<\/section>\n\t\t\t\t\t\t<\/div>\n\t\t\t\t\t<\/div>\n\t\t<\/div>\n\t\t\t\t\t\t\t\t<\/div>\n\t\t\t\t\t<\/div>\n\t\t<\/section>\n\t\t\t\t<section class=\"has_eae_slider elementor-section elementor-top-section elementor-element elementor-element-5bb6ba4 elementor-section-full_width elementor-section-height-default elementor-section-height-default\" data-id=\"5bb6ba4\" data-element_type=\"section\" data-settings=\"{&quot;background_background&quot;:&quot;classic&quot;}\">\n\t\t\t\t\t\t<div class=\"elementor-container elementor-column-gap-default\">\n\t\t\t\t\t\t\t<div class=\"elementor-row\">\n\t\t\t\t\t<div class=\"has_eae_slider elementor-column elementor-col-50 elementor-top-column elementor-element elementor-element-c89bb13\" data-id=\"c89bb13\" data-element_type=\"column\" data-settings=\"{&quot;background_background&quot;:&quot;classic&quot;}\">\n\t\t\t<div class=\"elementor-column-wrap elementor-element-populated\">\n\t\t\t\t\t\t\t<div class=\"elementor-widget-wrap\">\n\t\t\t\t\t\t<div class=\"elementor-element elementor-element-525f618 elementor-widget elementor-widget-heading\" data-id=\"525f618\" data-element_type=\"widget\" data-widget_type=\"heading.default\">\n\t\t\t\t<div class=\"elementor-widget-container\">\n\t\t\t<h2 class=\"elementor-heading-title elementor-size-default\">Steel cutting<\/h2>\t\t<\/div>\n\t\t\t\t<\/div>\n\t\t\t\t<div class=\"elementor-element elementor-element-02fb013 elementor-absolute elementor-hidden-phone elementor-widget elementor-widget-image\" data-id=\"02fb013\" data-element_type=\"widget\" data-settings=\"{&quot;_position&quot;:&quot;absolute&quot;}\" data-widget_type=\"image.default\">\n\t\t\t\t<div class=\"elementor-widget-container\">\n\t\t\t\t\t\t\t\t<div class=\"elementor-image\">\n\t\t\t\t\t\t\t\t\t\t\t\t<img loading=\"lazy\" decoding=\"async\" width=\"49\" height=\"39\" src=\"https:\/\/inbul.pl\/wp-content\/uploads\/2021\/07\/element-1.png\" class=\"attachment-full size-full\" alt=\"\" \/>\t\t\t\t\t\t\t\t\t\t\t\t\t\t<\/div>\n\t\t\t\t\t\t<\/div>\n\t\t\t\t<\/div>\n\t\t\t\t<div class=\"elementor-element elementor-element-bea4abd elementor-widget elementor-widget-text-editor\" data-id=\"bea4abd\" data-element_type=\"widget\" data-widget_type=\"text-editor.default\">\n\t\t\t\t<div class=\"elementor-widget-container\">\n\t\t\t\t\t\t\t\t<div class=\"elementor-text-editor elementor-clearfix\">\n\t\t\t\t<p>SELECTION OF THE CUTTING METHOD DEPENDING ON THE NEEDS<\/p>\t\t\t\t\t<\/div>\n\t\t\t\t\t\t<\/div>\n\t\t\t\t<\/div>\n\t\t\t\t<div class=\"elementor-element elementor-element-1140655 elementor-widget-divider--view-line elementor-invisible elementor-widget elementor-widget-divider\" data-id=\"1140655\" data-element_type=\"widget\" data-settings=\"{&quot;_animation&quot;:&quot;zoomInLeft&quot;}\" data-widget_type=\"divider.default\">\n\t\t\t\t<div class=\"elementor-widget-container\">\n\t\t\t\t\t<div class=\"elementor-divider\">\n\t\t\t<span class=\"elementor-divider-separator\">\n\t\t\t\t\t\t<\/span>\n\t\t<\/div>\n\t\t\t\t<\/div>\n\t\t\t\t<\/div>\n\t\t\t\t\t\t<\/div>\n\t\t\t\t\t<\/div>\n\t\t<\/div>\n\t\t\t\t<div class=\"has_eae_slider elementor-column elementor-col-50 elementor-top-column elementor-element elementor-element-432c39a\" data-id=\"432c39a\" data-element_type=\"column\" data-settings=\"{&quot;background_background&quot;:&quot;classic&quot;}\">\n\t\t\t<div class=\"elementor-column-wrap elementor-element-populated\">\n\t\t\t\t\t\t\t<div class=\"elementor-widget-wrap\">\n\t\t\t\t\t\t<div class=\"elementor-element elementor-element-d63866c elementor-widget elementor-widget-text-editor\" data-id=\"d63866c\" data-element_type=\"widget\" data-widget_type=\"text-editor.default\">\n\t\t\t\t<div class=\"elementor-widget-container\">\n\t\t\t\t\t\t\t\t<div class=\"elementor-text-editor elementor-clearfix\">\n\t\t\t\t<p><strong>Steel cutting<\/strong> is the process that is commonly used in the steel structures production. It requires a significant workload and involvement of highly qualified personnel.  Selection of <strong>steel cutting<\/strong> method depends on material thickness, machine performance, temperature sensitivity of metal and planned production costs.<\/p><p><strong>IN-BUL specialises in the following cutting method:<\/strong><\/p><ul><li>water jet cutting \u2013 for the maximum dimensions of 3 000 x 4 000 mm;<\/li><li>flame cutting - for the maximum dimensions of 3 000 x 12 000 mm;<\/li><li>laser cutting in cooperation - for the maximum dimensions of 2 000 x 8 000 mm<\/li><\/ul><p><strong>The following machines are used for cutting at IN-BUL: <\/strong><\/p><ul><li>MesserMultiTherm5000<\/li><\/ul><ul><li>Gascutter<\/li><li>Kimla WaterJet<\/li><\/ul>\t\t\t\t\t<\/div>\n\t\t\t\t\t\t<\/div>\n\t\t\t\t<\/div>\n\t\t\t\t\t\t<\/div>\n\t\t\t\t\t<\/div>\n\t\t<\/div>\n\t\t\t\t\t\t\t\t<\/div>\n\t\t\t\t\t<\/div>\n\t\t<\/section>\n\t\t\t\t<section class=\"has_eae_slider elementor-section elementor-top-section elementor-element elementor-element-6e74792 elementor-section-full_width elementor-section-height-default elementor-section-height-default\" data-id=\"6e74792\" data-element_type=\"section\" data-settings=\"{&quot;background_background&quot;:&quot;classic&quot;}\">\n\t\t\t\t\t\t<div class=\"elementor-container elementor-column-gap-default\">\n\t\t\t\t\t\t\t<div class=\"elementor-row\">\n\t\t\t\t\t<div class=\"has_eae_slider elementor-column elementor-col-50 elementor-top-column elementor-element elementor-element-971b830\" data-id=\"971b830\" data-element_type=\"column\" data-settings=\"{&quot;background_background&quot;:&quot;classic&quot;}\">\n\t\t\t<div class=\"elementor-column-wrap elementor-element-populated\">\n\t\t\t\t\t\t\t<div class=\"elementor-widget-wrap\">\n\t\t\t\t\t\t<div class=\"elementor-element elementor-element-f51e8ac elementor-widget elementor-widget-heading\" data-id=\"f51e8ac\" data-element_type=\"widget\" data-widget_type=\"heading.default\">\n\t\t\t\t<div class=\"elementor-widget-container\">\n\t\t\t<h2 class=\"elementor-heading-title elementor-size-default\">Bending<\/h2>\t\t<\/div>\n\t\t\t\t<\/div>\n\t\t\t\t<div class=\"elementor-element elementor-element-103678e elementor-absolute elementor-hidden-phone elementor-widget elementor-widget-image\" data-id=\"103678e\" data-element_type=\"widget\" data-settings=\"{&quot;_position&quot;:&quot;absolute&quot;}\" data-widget_type=\"image.default\">\n\t\t\t\t<div class=\"elementor-widget-container\">\n\t\t\t\t\t\t\t\t<div class=\"elementor-image\">\n\t\t\t\t\t\t\t\t\t\t\t\t<img loading=\"lazy\" decoding=\"async\" width=\"49\" height=\"39\" src=\"https:\/\/inbul.pl\/wp-content\/uploads\/2021\/07\/element-1.png\" class=\"attachment-full size-full\" alt=\"\" \/>\t\t\t\t\t\t\t\t\t\t\t\t\t\t<\/div>\n\t\t\t\t\t\t<\/div>\n\t\t\t\t<\/div>\n\t\t\t\t<div class=\"elementor-element elementor-element-a16d5a8 elementor-widget elementor-widget-text-editor\" data-id=\"a16d5a8\" data-element_type=\"widget\" data-widget_type=\"text-editor.default\">\n\t\t\t\t<div class=\"elementor-widget-container\">\n\t\t\t\t\t\t\t\t<div class=\"elementor-text-editor elementor-clearfix\">\n\t\t\t\t<p>PRECISELY DESIGNED STEEL STRUCTURES WITH UNUSUAL BENDINGS AND SHAPES<\/p>\t\t\t\t\t<\/div>\n\t\t\t\t\t\t<\/div>\n\t\t\t\t<\/div>\n\t\t\t\t<div class=\"elementor-element elementor-element-5be1f1d elementor-widget-divider--view-line elementor-invisible elementor-widget elementor-widget-divider\" data-id=\"5be1f1d\" data-element_type=\"widget\" data-settings=\"{&quot;_animation&quot;:&quot;zoomInLeft&quot;}\" data-widget_type=\"divider.default\">\n\t\t\t\t<div class=\"elementor-widget-container\">\n\t\t\t\t\t<div class=\"elementor-divider\">\n\t\t\t<span class=\"elementor-divider-separator\">\n\t\t\t\t\t\t<\/span>\n\t\t<\/div>\n\t\t\t\t<\/div>\n\t\t\t\t<\/div>\n\t\t\t\t\t\t<\/div>\n\t\t\t\t\t<\/div>\n\t\t<\/div>\n\t\t\t\t<div class=\"has_eae_slider elementor-column elementor-col-50 elementor-top-column elementor-element elementor-element-053bd39\" data-id=\"053bd39\" data-element_type=\"column\" data-settings=\"{&quot;background_background&quot;:&quot;classic&quot;}\">\n\t\t\t<div class=\"elementor-column-wrap elementor-element-populated\">\n\t\t\t\t\t\t\t<div class=\"elementor-widget-wrap\">\n\t\t\t\t\t\t<div class=\"elementor-element elementor-element-3b51521 elementor-widget elementor-widget-text-editor\" data-id=\"3b51521\" data-element_type=\"widget\" data-widget_type=\"text-editor.default\">\n\t\t\t\t<div class=\"elementor-widget-container\">\n\t\t\t\t\t\t\t\t<div class=\"elementor-text-editor elementor-clearfix\">\n\t\t\t\t<strong>Bending<\/strong> is another process widely used at IN-BUL that enables us to manufacture items that are used in the production of highly precisely designed steel structures with the most unusual bendings and irregular shapes. At IN-BUL, we apply\u00a0<strong>bending by the use of press brakes<\/strong>\u00a0and other CNC machines. Thanks to them, each and every shape can be achieved quickly and repeatedly.\n<ul>\n <li>press brake bending \u2013 up to the width of 3000 mm<\/li>\n \t<li>step bending \u2013 up to the width of 3000mm<\/li>\n \t<li>bending in cooperation with the length of 12600 mm with the press of 2000 tonnes;<\/li>\n \t<li>induction bending in cooperation<\/li>\n<\/ul>\t\t\t\t\t<\/div>\n\t\t\t\t\t\t<\/div>\n\t\t\t\t<\/div>\n\t\t\t\t\t\t<\/div>\n\t\t\t\t\t<\/div>\n\t\t<\/div>\n\t\t\t\t\t\t\t\t<\/div>\n\t\t\t\t\t<\/div>\n\t\t<\/section>\n\t\t\t\t<section class=\"has_eae_slider elementor-section elementor-top-section elementor-element elementor-element-d2c556f elementor-section-full_width elementor-section-height-default elementor-section-height-default\" data-id=\"d2c556f\" data-element_type=\"section\" data-settings=\"{&quot;background_background&quot;:&quot;classic&quot;}\">\n\t\t\t\t\t\t<div class=\"elementor-container elementor-column-gap-default\">\n\t\t\t\t\t\t\t<div class=\"elementor-row\">\n\t\t\t\t\t<div class=\"has_eae_slider elementor-column elementor-col-50 elementor-top-column elementor-element elementor-element-30a1a74\" data-id=\"30a1a74\" data-element_type=\"column\" data-settings=\"{&quot;background_background&quot;:&quot;classic&quot;}\">\n\t\t\t<div class=\"elementor-column-wrap elementor-element-populated\">\n\t\t\t\t\t\t\t<div class=\"elementor-widget-wrap\">\n\t\t\t\t\t\t<div class=\"elementor-element elementor-element-2663118 elementor-widget elementor-widget-heading\" data-id=\"2663118\" data-element_type=\"widget\" data-widget_type=\"heading.default\">\n\t\t\t\t<div class=\"elementor-widget-container\">\n\t\t\t<h2 class=\"elementor-heading-title elementor-size-default\">Rolling<\/h2>\t\t<\/div>\n\t\t\t\t<\/div>\n\t\t\t\t<div class=\"elementor-element elementor-element-ef15d7f elementor-absolute elementor-hidden-phone elementor-widget elementor-widget-image\" data-id=\"ef15d7f\" data-element_type=\"widget\" data-settings=\"{&quot;_position&quot;:&quot;absolute&quot;}\" data-widget_type=\"image.default\">\n\t\t\t\t<div class=\"elementor-widget-container\">\n\t\t\t\t\t\t\t\t<div class=\"elementor-image\">\n\t\t\t\t\t\t\t\t\t\t\t\t<img loading=\"lazy\" decoding=\"async\" width=\"49\" height=\"39\" src=\"https:\/\/inbul.pl\/wp-content\/uploads\/2021\/07\/element-1.png\" class=\"attachment-full size-full\" alt=\"\" \/>\t\t\t\t\t\t\t\t\t\t\t\t\t\t<\/div>\n\t\t\t\t\t\t<\/div>\n\t\t\t\t<\/div>\n\t\t\t\t<div class=\"elementor-element elementor-element-00235d9 elementor-widget elementor-widget-text-editor\" data-id=\"00235d9\" data-element_type=\"widget\" data-widget_type=\"text-editor.default\">\n\t\t\t\t<div class=\"elementor-widget-container\">\n\t\t\t\t\t\t\t\t<div class=\"elementor-text-editor elementor-clearfix\">\n\t\t\t\t<p>A CHANGE IN SHAPE OR IN MATERIAL STRUCTURE<\/p>\t\t\t\t\t<\/div>\n\t\t\t\t\t\t<\/div>\n\t\t\t\t<\/div>\n\t\t\t\t<div class=\"elementor-element elementor-element-1b6e3de elementor-widget-divider--view-line elementor-invisible elementor-widget elementor-widget-divider\" data-id=\"1b6e3de\" data-element_type=\"widget\" data-settings=\"{&quot;_animation&quot;:&quot;zoomInLeft&quot;}\" data-widget_type=\"divider.default\">\n\t\t\t\t<div class=\"elementor-widget-container\">\n\t\t\t\t\t<div class=\"elementor-divider\">\n\t\t\t<span class=\"elementor-divider-separator\">\n\t\t\t\t\t\t<\/span>\n\t\t<\/div>\n\t\t\t\t<\/div>\n\t\t\t\t<\/div>\n\t\t\t\t\t\t<\/div>\n\t\t\t\t\t<\/div>\n\t\t<\/div>\n\t\t\t\t<div class=\"has_eae_slider elementor-column elementor-col-50 elementor-top-column elementor-element elementor-element-dbb0238\" data-id=\"dbb0238\" data-element_type=\"column\" data-settings=\"{&quot;background_background&quot;:&quot;classic&quot;}\">\n\t\t\t<div class=\"elementor-column-wrap elementor-element-populated\">\n\t\t\t\t\t\t\t<div class=\"elementor-widget-wrap\">\n\t\t\t\t\t\t<div class=\"elementor-element elementor-element-d72bf82 elementor-widget elementor-widget-text-editor\" data-id=\"d72bf82\" data-element_type=\"widget\" data-widget_type=\"text-editor.default\">\n\t\t\t\t<div class=\"elementor-widget-container\">\n\t\t\t\t\t\t\t\t<div class=\"elementor-text-editor elementor-clearfix\">\n\t\t\t\t<p><strong>Rolling<\/strong> is another method for metal forming based on a change in shape or in material structure. At IN-BUL, we use for this purpose special machines called rolls and the change in shape itself takes place during placing the material between turning rolls, wheels or rollers and flat tools. <strong>Rolling <\/strong>can be carried out cold whereby a high performance material can be achieved without any damages on its surface. On the other hand, the advantage of hot rolling is more dense material structure and its higher quality.<\/p><ul><li>Metal sheet rolling \u2013 for the maximum dimensions of 65 mm in length and 3000 mm in width.<\/li><li>FACCIN 3162 CNC grubo\u015b\u0107: 65mm, szeroko\u015b\u0107: 3000 mm.<\/li><\/ul>\t\t\t\t\t<\/div>\n\t\t\t\t\t\t<\/div>\n\t\t\t\t<\/div>\n\t\t\t\t\t\t<\/div>\n\t\t\t\t\t<\/div>\n\t\t<\/div>\n\t\t\t\t\t\t\t\t<\/div>\n\t\t\t\t\t<\/div>\n\t\t<\/section>\n\t\t\t\t\t\t<\/div>\n\t\t\t\t\t\t<\/div>\n\t\t\t\t\t<\/div>","protected":false},"excerpt":{"rendered":"<p>Ci\u0119cie, walcowanie i gi\u0119cie W naszej firmie posiadamy dzia\u0142 obr\u00f3bki plastycznej, kt\u00f3ra obejmuje takie procesy jak ci\u0119cie, walcowanie oraz gi\u0119cie. Sprawia to, i\u017c jeste\u015bmy samowystarczalni w zakresie przygotowania element\u00f3w do dalszych proces\u00f3w produkcji. Na tym etapie produkcyjnym zwracamy szczeg\u00f3ln\u0105 uwag\u0119 na maksymalnie efektywne wykorzystanie materia\u0142\u00f3w oraz minimalizacj\u0119 powstawania odpad\u00f3w. Ci\u0119cie stali Dob\u00f3r metody ci\u0119cia stali [&hellip;]<\/p>","protected":false},"author":2,"featured_media":644,"parent":52,"menu_order":0,"comment_status":"closed","ping_status":"closed","template":"","meta":{"footnotes":""},"class_list":["post-62","page","type-page","status-publish","has-post-thumbnail","hentry"],"acf":[],"yoast_head":"<!-- This site is optimized with the Yoast SEO plugin v19.13 - https:\/\/yoast.com\/wordpress\/plugins\/seo\/ -->\n<title>Ci\u0119cie, walcowanie i gi\u0119cie - IN-BUL - Konstrukcje stalowe<\/title>\n<meta name=\"robots\" content=\"index, follow, max-snippet:-1, max-image-preview:large, max-video-preview:-1\" \/>\n<link rel=\"canonical\" href=\"https:\/\/inbul.pl\/en\/co-robimy\/ciecie-walcowanie-i-giecie\/\" \/>\n<meta property=\"og:locale\" content=\"en_GB\" \/>\n<meta property=\"og:type\" content=\"article\" \/>\n<meta property=\"og:title\" content=\"Ci\u0119cie, walcowanie i gi\u0119cie - IN-BUL - Konstrukcje stalowe\" \/>\n<meta property=\"og:description\" content=\"Ci\u0119cie, walcowanie i gi\u0119cie W naszej firmie posiadamy dzia\u0142 obr\u00f3bki plastycznej, kt\u00f3ra obejmuje takie procesy jak ci\u0119cie, walcowanie oraz gi\u0119cie. Sprawia to, i\u017c jeste\u015bmy samowystarczalni w zakresie przygotowania element\u00f3w do dalszych proces\u00f3w produkcji. Na tym etapie produkcyjnym zwracamy szczeg\u00f3ln\u0105 uwag\u0119 na maksymalnie efektywne wykorzystanie materia\u0142\u00f3w oraz minimalizacj\u0119 powstawania odpad\u00f3w. Ci\u0119cie stali Dob\u00f3r metody ci\u0119cia stali [&hellip;]\" \/>\n<meta property=\"og:url\" content=\"https:\/\/inbul.pl\/en\/co-robimy\/ciecie-walcowanie-i-giecie\/\" \/>\n<meta property=\"og:site_name\" content=\"IN-BUL - Konstrukcje stalowe\" \/>\n<meta property=\"article:modified_time\" content=\"2021-08-24T11:31:53+00:00\" \/>\n<meta property=\"og:image\" content=\"https:\/\/inbul.pl\/wp-content\/uploads\/2021\/07\/fotolia_183704327_s-2.jpg\" \/>\n\t<meta property=\"og:image:width\" content=\"1688\" \/>\n\t<meta property=\"og:image:height\" content=\"1125\" \/>\n\t<meta property=\"og:image:type\" content=\"image\/jpeg\" \/>\n<meta name=\"twitter:card\" content=\"summary_large_image\" \/>\n<meta name=\"twitter:label1\" content=\"Estimated reading time\" \/>\n\t<meta name=\"twitter:data1\" content=\"3 minutes\" \/>\n<script type=\"application\/ld+json\" class=\"yoast-schema-graph\">{\"@context\":\"https:\/\/schema.org\",\"@graph\":[{\"@type\":\"WebPage\",\"@id\":\"https:\/\/inbul.pl\/co-robimy\/ciecie-walcowanie-i-giecie\/\",\"url\":\"https:\/\/inbul.pl\/co-robimy\/ciecie-walcowanie-i-giecie\/\",\"name\":\"Ci\u0119cie, walcowanie i gi\u0119cie - IN-BUL - Konstrukcje stalowe\",\"isPartOf\":{\"@id\":\"https:\/\/inbul.pl\/#website\"},\"datePublished\":\"2021-06-10T09:23:31+00:00\",\"dateModified\":\"2021-08-24T11:31:53+00:00\",\"breadcrumb\":{\"@id\":\"https:\/\/inbul.pl\/co-robimy\/ciecie-walcowanie-i-giecie\/#breadcrumb\"},\"inLanguage\":\"en-GB\",\"potentialAction\":[{\"@type\":\"ReadAction\",\"target\":[\"https:\/\/inbul.pl\/co-robimy\/ciecie-walcowanie-i-giecie\/\"]}]},{\"@type\":\"BreadcrumbList\",\"@id\":\"https:\/\/inbul.pl\/co-robimy\/ciecie-walcowanie-i-giecie\/#breadcrumb\",\"itemListElement\":[{\"@type\":\"ListItem\",\"position\":1,\"name\":\"Strona g\u0142\u00f3wna\",\"item\":\"https:\/\/inbul.pl\/\"},{\"@type\":\"ListItem\",\"position\":2,\"name\":\"Co robimy\",\"item\":\"http:\/\/inbul.pl\/co-robimy\/\"},{\"@type\":\"ListItem\",\"position\":3,\"name\":\"Ci\u0119cie, walcowanie i gi\u0119cie\"}]},{\"@type\":\"WebSite\",\"@id\":\"https:\/\/inbul.pl\/#website\",\"url\":\"https:\/\/inbul.pl\/\",\"name\":\"IN-BUL - Konstrukcje stalowe\",\"description\":\"Solidno\u015b\u0107 partnerstwa w biznesie\",\"publisher\":{\"@id\":\"https:\/\/inbul.pl\/#organization\"},\"potentialAction\":[{\"@type\":\"SearchAction\",\"target\":{\"@type\":\"EntryPoint\",\"urlTemplate\":\"https:\/\/inbul.pl\/?s={search_term_string}\"},\"query-input\":\"required name=search_term_string\"}],\"inLanguage\":\"en-GB\"},{\"@type\":\"Organization\",\"@id\":\"https:\/\/inbul.pl\/#organization\",\"name\":\"IN-BUL - Konstrukcje stalowe\",\"url\":\"https:\/\/inbul.pl\/\",\"logo\":{\"@type\":\"ImageObject\",\"inLanguage\":\"en-GB\",\"@id\":\"https:\/\/inbul.pl\/#\/schema\/logo\/image\/\",\"url\":\"https:\/\/inbul.pl\/wp-content\/uploads\/2021\/06\/Logo-IN-BUL-white.png\",\"contentUrl\":\"https:\/\/inbul.pl\/wp-content\/uploads\/2021\/06\/Logo-IN-BUL-white.png\",\"width\":682,\"height\":253,\"caption\":\"IN-BUL - Konstrukcje stalowe\"},\"image\":{\"@id\":\"https:\/\/inbul.pl\/#\/schema\/logo\/image\/\"}}]}<\/script>\n<!-- \/ Yoast SEO plugin. -->","yoast_head_json":{"title":"Ci\u0119cie, walcowanie i gi\u0119cie - IN-BUL - Konstrukcje stalowe","robots":{"index":"index","follow":"follow","max-snippet":"max-snippet:-1","max-image-preview":"max-image-preview:large","max-video-preview":"max-video-preview:-1"},"canonical":"https:\/\/inbul.pl\/en\/co-robimy\/ciecie-walcowanie-i-giecie\/","og_locale":"en_GB","og_type":"article","og_title":"Ci\u0119cie, walcowanie i gi\u0119cie - IN-BUL - Konstrukcje stalowe","og_description":"Ci\u0119cie, walcowanie i gi\u0119cie W naszej firmie posiadamy dzia\u0142 obr\u00f3bki plastycznej, kt\u00f3ra obejmuje takie procesy jak ci\u0119cie, walcowanie oraz gi\u0119cie. Sprawia to, i\u017c jeste\u015bmy samowystarczalni w zakresie przygotowania element\u00f3w do dalszych proces\u00f3w produkcji. Na tym etapie produkcyjnym zwracamy szczeg\u00f3ln\u0105 uwag\u0119 na maksymalnie efektywne wykorzystanie materia\u0142\u00f3w oraz minimalizacj\u0119 powstawania odpad\u00f3w. Ci\u0119cie stali Dob\u00f3r metody ci\u0119cia stali [&hellip;]","og_url":"https:\/\/inbul.pl\/en\/co-robimy\/ciecie-walcowanie-i-giecie\/","og_site_name":"IN-BUL - Konstrukcje stalowe","article_modified_time":"2021-08-24T11:31:53+00:00","og_image":[{"width":1688,"height":1125,"url":"https:\/\/inbul.pl\/wp-content\/uploads\/2021\/07\/fotolia_183704327_s-2.jpg","type":"image\/jpeg"}],"twitter_card":"summary_large_image","twitter_misc":{"Estimated reading time":"3 minutes"},"schema":{"@context":"https:\/\/schema.org","@graph":[{"@type":"WebPage","@id":"https:\/\/inbul.pl\/co-robimy\/ciecie-walcowanie-i-giecie\/","url":"https:\/\/inbul.pl\/co-robimy\/ciecie-walcowanie-i-giecie\/","name":"Ci\u0119cie, walcowanie i gi\u0119cie - IN-BUL - Konstrukcje stalowe","isPartOf":{"@id":"https:\/\/inbul.pl\/#website"},"datePublished":"2021-06-10T09:23:31+00:00","dateModified":"2021-08-24T11:31:53+00:00","breadcrumb":{"@id":"https:\/\/inbul.pl\/co-robimy\/ciecie-walcowanie-i-giecie\/#breadcrumb"},"inLanguage":"en-GB","potentialAction":[{"@type":"ReadAction","target":["https:\/\/inbul.pl\/co-robimy\/ciecie-walcowanie-i-giecie\/"]}]},{"@type":"BreadcrumbList","@id":"https:\/\/inbul.pl\/co-robimy\/ciecie-walcowanie-i-giecie\/#breadcrumb","itemListElement":[{"@type":"ListItem","position":1,"name":"Strona g\u0142\u00f3wna","item":"https:\/\/inbul.pl\/"},{"@type":"ListItem","position":2,"name":"Co robimy","item":"http:\/\/inbul.pl\/co-robimy\/"},{"@type":"ListItem","position":3,"name":"Ci\u0119cie, walcowanie i gi\u0119cie"}]},{"@type":"WebSite","@id":"https:\/\/inbul.pl\/#website","url":"https:\/\/inbul.pl\/","name":"IN-BUL - Konstrukcje stalowe","description":"Solidno\u015b\u0107 partnerstwa w biznesie","publisher":{"@id":"https:\/\/inbul.pl\/#organization"},"potentialAction":[{"@type":"SearchAction","target":{"@type":"EntryPoint","urlTemplate":"https:\/\/inbul.pl\/?s={search_term_string}"},"query-input":"required name=search_term_string"}],"inLanguage":"en-GB"},{"@type":"Organization","@id":"https:\/\/inbul.pl\/#organization","name":"IN-BUL - Konstrukcje stalowe","url":"https:\/\/inbul.pl\/","logo":{"@type":"ImageObject","inLanguage":"en-GB","@id":"https:\/\/inbul.pl\/#\/schema\/logo\/image\/","url":"https:\/\/inbul.pl\/wp-content\/uploads\/2021\/06\/Logo-IN-BUL-white.png","contentUrl":"https:\/\/inbul.pl\/wp-content\/uploads\/2021\/06\/Logo-IN-BUL-white.png","width":682,"height":253,"caption":"IN-BUL - Konstrukcje stalowe"},"image":{"@id":"https:\/\/inbul.pl\/#\/schema\/logo\/image\/"}}]}},"_links":{"self":[{"href":"https:\/\/inbul.pl\/en\/wp-json\/wp\/v2\/pages\/62","targetHints":{"allow":["GET"]}}],"collection":[{"href":"https:\/\/inbul.pl\/en\/wp-json\/wp\/v2\/pages"}],"about":[{"href":"https:\/\/inbul.pl\/en\/wp-json\/wp\/v2\/types\/page"}],"author":[{"embeddable":true,"href":"https:\/\/inbul.pl\/en\/wp-json\/wp\/v2\/users\/2"}],"replies":[{"embeddable":true,"href":"https:\/\/inbul.pl\/en\/wp-json\/wp\/v2\/comments?post=62"}],"version-history":[{"count":62,"href":"https:\/\/inbul.pl\/en\/wp-json\/wp\/v2\/pages\/62\/revisions"}],"predecessor-version":[{"id":2704,"href":"https:\/\/inbul.pl\/en\/wp-json\/wp\/v2\/pages\/62\/revisions\/2704"}],"up":[{"embeddable":true,"href":"https:\/\/inbul.pl\/en\/wp-json\/wp\/v2\/pages\/52"}],"wp:featuredmedia":[{"embeddable":true,"href":"https:\/\/inbul.pl\/en\/wp-json\/wp\/v2\/media\/644"}],"wp:attachment":[{"href":"https:\/\/inbul.pl\/en\/wp-json\/wp\/v2\/media?parent=62"}],"curies":[{"name":"wp","href":"https:\/\/api.w.org\/{rel}","templated":true}]}}