{"id":58,"date":"2021-06-10T11:21:24","date_gmt":"2021-06-10T09:21:24","guid":{"rendered":"http:\/\/inbul.testyxtraweb.pl\/?page_id=58"},"modified":"2023-01-04T10:01:33","modified_gmt":"2023-01-04T09:01:33","slug":"dokumenty-do-pobrania","status":"publish","type":"page","link":"https:\/\/inbul.pl\/en\/kim-jestesmy\/dokumenty-do-pobrania\/","title":{"rendered":"DOCUMENTS TO DOWNLOAD"},"content":{"rendered":"<div data-elementor-type=\"wp-page\" data-elementor-id=\"58\" class=\"elementor elementor-58\" data-elementor-settings=\"[]\">\n\t\t\t\t\t\t<div class=\"elementor-inner\">\n\t\t\t\t\t\t\t<div class=\"elementor-section-wrap\">\n\t\t\t\t\t\t\t<section class=\"has_eae_slider elementor-section elementor-top-section elementor-element elementor-element-201fcd1 elementor-section-boxed elementor-section-height-default elementor-section-height-default\" data-id=\"201fcd1\" data-element_type=\"section\">\n\t\t\t\t\t\t<div class=\"elementor-container elementor-column-gap-default\">\n\t\t\t\t\t\t\t<div class=\"elementor-row\">\n\t\t\t\t\t<div class=\"has_eae_slider elementor-column elementor-col-100 elementor-top-column elementor-element elementor-element-c8f8287\" data-id=\"c8f8287\" data-element_type=\"column\">\n\t\t\t<div class=\"elementor-column-wrap elementor-element-populated\">\n\t\t\t\t\t\t\t<div class=\"elementor-widget-wrap\">\n\t\t\t\t\t\t<div class=\"elementor-element elementor-element-23c89a1 elementor-widget elementor-widget-heading\" data-id=\"23c89a1\" data-element_type=\"widget\" data-widget_type=\"heading.default\">\n\t\t\t\t<div class=\"elementor-widget-container\">\n\t\t\t<h2 class=\"elementor-heading-title elementor-size-default\">DOCUMENTS TO DOWNLOAD<\/h2>\t\t<\/div>\n\t\t\t\t<\/div>\n\t\t\t\t\t\t<\/div>\n\t\t\t\t\t<\/div>\n\t\t<\/div>\n\t\t\t\t\t\t\t\t<\/div>\n\t\t\t\t\t<\/div>\n\t\t<\/section>\n\t\t\t\t<section class=\"has_eae_slider elementor-section elementor-top-section elementor-element elementor-element-ccd93c0 elementor-section-boxed elementor-section-height-default elementor-section-height-default\" data-id=\"ccd93c0\" data-element_type=\"section\">\n\t\t\t\t\t\t<div class=\"elementor-container elementor-column-gap-default\">\n\t\t\t\t\t\t\t<div class=\"elementor-row\">\n\t\t\t\t\t<div class=\"has_eae_slider elementor-column elementor-col-100 elementor-top-column elementor-element elementor-element-147e280\" data-id=\"147e280\" data-element_type=\"column\" data-settings=\"{&quot;background_background&quot;:&quot;classic&quot;}\">\n\t\t\t<div class=\"elementor-column-wrap elementor-element-populated\">\n\t\t\t\t\t\t\t<div class=\"elementor-widget-wrap\">\n\t\t\t\t\t\t<div class=\"elementor-element elementor-element-ad4c5a9 elementor-align-left elementor-icon-list--layout-traditional elementor-list-item-link-full_width elementor-widget elementor-widget-icon-list\" data-id=\"ad4c5a9\" data-element_type=\"widget\" data-widget_type=\"icon-list.default\">\n\t\t\t\t<div class=\"elementor-widget-container\">\n\t\t\t<style>.elementor-element-ad4c5a9{display:none !important}<\/style>\t\t<\/div>\n\t\t\t\t<\/div>\n\t\t\t\t<div class=\"elementor-element elementor-element-046fe9a elementor-align-left elementor-icon-list--layout-traditional elementor-list-item-link-full_width elementor-widget elementor-widget-icon-list\" data-id=\"046fe9a\" data-element_type=\"widget\" data-widget_type=\"icon-list.default\">\n\t\t\t\t<div class=\"elementor-widget-container\">\n\t\t\t\t\t<ul class=\"elementor-icon-list-items\">\n\t\t\t\t\t\t\t<li class=\"elementor-icon-list-item\">\n\t\t\t\t\t\t\t\t\t\t\t<a href=\"\/wp-content\/uploads\/2023\/01\/przeksztalcenie_firmy_inbul_eng.pdf\" target=\"_blank\">\n\n\t\t\t\t\t\t\t\t\t\t\t\t<span class=\"elementor-icon-list-icon\">\n\t\t\t\t\t\t\t<i aria-hidden=\"true\" class=\"far fa-file-pdf\"><\/i>\t\t\t\t\t\t<\/span>\n\t\t\t\t\t\t\t\t\t\t<span class=\"elementor-icon-list-text\">INFORMATION ON INBUL COMPANY TRANSFORMATION<\/span>\n\t\t\t\t\t\t\t\t\t\t\t<\/a>\n\t\t\t\t\t\t\t\t\t<\/li>\n\t\t\t\t\t\t\t\t<li class=\"elementor-icon-list-item\">\n\t\t\t\t\t\t\t\t\t\t\t<a href=\"\/wp-content\/uploads\/2021\/07\/Integrated-Management-System-Policy.pdf\" target=\"_blank\">\n\n\t\t\t\t\t\t\t\t\t\t\t\t<span class=\"elementor-icon-list-icon\">\n\t\t\t\t\t\t\t<i aria-hidden=\"true\" class=\"far fa-file-pdf\"><\/i>\t\t\t\t\t\t<\/span>\n\t\t\t\t\t\t\t\t\t\t<span class=\"elementor-icon-list-text\">Integrated Management System Policy<\/span>\n\t\t\t\t\t\t\t\t\t\t\t<\/a>\n\t\t\t\t\t\t\t\t\t<\/li>\n\t\t\t\t\t\t\t\t<li class=\"elementor-icon-list-item\">\n\t\t\t\t\t\t\t\t\t\t\t<a href=\"\/wp-content\/uploads\/2021\/07\/Information-compliant-with-the-General-Data-Protection-Regulation-RODO.pdf\" target=\"_blank\">\n\n\t\t\t\t\t\t\t\t\t\t\t\t<span class=\"elementor-icon-list-icon\">\n\t\t\t\t\t\t\t<i aria-hidden=\"true\" class=\"far fa-file-pdf\"><\/i>\t\t\t\t\t\t<\/span>\n\t\t\t\t\t\t\t\t\t\t<span class=\"elementor-icon-list-text\">Information compliant with the General Data Protection Regulation (RODO)<\/span>\n\t\t\t\t\t\t\t\t\t\t\t<\/a>\n\t\t\t\t\t\t\t\t\t<\/li>\n\t\t\t\t\t\t<\/ul>\n\t\t\t\t<\/div>\n\t\t\t\t<\/div>\n\t\t\t\t<div class=\"elementor-element elementor-element-ba58128 elementor-widget-divider--view-line elementor-invisible elementor-widget elementor-widget-divider\" data-id=\"ba58128\" data-element_type=\"widget\" data-settings=\"{&quot;_animation&quot;:&quot;zoomInLeft&quot;}\" data-widget_type=\"divider.default\">\n\t\t\t\t<div class=\"elementor-widget-container\">\n\t\t\t\t\t<div class=\"elementor-divider\">\n\t\t\t<span class=\"elementor-divider-separator\">\n\t\t\t\t\t\t<\/span>\n\t\t<\/div>\n\t\t\t\t<\/div>\n\t\t\t\t<\/div>\n\t\t\t\t\t\t<\/div>\n\t\t\t\t\t<\/div>\n\t\t<\/div>\n\t\t\t\t\t\t\t\t<\/div>\n\t\t\t\t\t<\/div>\n\t\t<\/section>\n\t\t\t\t\t\t<\/div>\n\t\t\t\t\t\t<\/div>\n\t\t\t\t\t<\/div>","protected":false},"excerpt":{"rendered":"<p>Dokumenty do pobrania: INFORMACJA O PRZEKSZTA\u0141CENIU FIRMY INBUL Og\u00f3lne warunki sprzeda\u017cy Klauzula informacyjna zgodna z RODO dla pracownik\u00f3w Klauzula informacyjna zgodna z RODO dla kandydat\u00f3w do pracy Klauzula informacyjna zgodna z RODO dla firm kt\u00f3re s\u0105 osobami fizycznymi Klauzula informacyjna zgodna z RODO dla pracownik\u00f3w, klienta lub dostawcy Polityka Zintegrowanego Systemu Zarz\u0105dzania Og\u00f3lne warunki zakupu [&hellip;]<\/p>","protected":false},"author":2,"featured_media":1553,"parent":50,"menu_order":0,"comment_status":"closed","ping_status":"closed","template":"","meta":{"footnotes":""},"class_list":["post-58","page","type-page","status-publish","has-post-thumbnail","hentry"],"acf":[],"yoast_head":"<!-- This site is optimized with the Yoast SEO plugin v19.13 - https:\/\/yoast.com\/wordpress\/plugins\/seo\/ -->\n<title>Dokumenty do pobrania - IN-BUL - Konstrukcje stalowe<\/title>\n<meta name=\"robots\" content=\"index, follow, max-snippet:-1, max-image-preview:large, max-video-preview:-1\" \/>\n<link rel=\"canonical\" href=\"https:\/\/inbul.pl\/en\/kim-jestesmy\/dokumenty-do-pobrania\/\" \/>\n<meta property=\"og:locale\" content=\"en_GB\" \/>\n<meta property=\"og:type\" content=\"article\" \/>\n<meta property=\"og:title\" content=\"Dokumenty do pobrania - IN-BUL - Konstrukcje stalowe\" \/>\n<meta property=\"og:description\" content=\"Dokumenty do pobrania: INFORMACJA O PRZEKSZTA\u0141CENIU FIRMY INBUL Og\u00f3lne warunki sprzeda\u017cy Klauzula informacyjna zgodna z RODO dla pracownik\u00f3w Klauzula informacyjna zgodna z RODO dla kandydat\u00f3w do pracy Klauzula informacyjna zgodna z RODO dla firm kt\u00f3re s\u0105 osobami fizycznymi Klauzula informacyjna zgodna z RODO dla pracownik\u00f3w, klienta lub dostawcy Polityka Zintegrowanego Systemu Zarz\u0105dzania Og\u00f3lne warunki zakupu [&hellip;]\" \/>\n<meta property=\"og:url\" content=\"https:\/\/inbul.pl\/en\/kim-jestesmy\/dokumenty-do-pobrania\/\" \/>\n<meta property=\"og:site_name\" content=\"IN-BUL - Konstrukcje stalowe\" \/>\n<meta property=\"article:modified_time\" content=\"2023-01-04T09:01:33+00:00\" \/>\n<meta property=\"og:image\" content=\"https:\/\/inbul.pl\/wp-content\/uploads\/2021\/07\/digital-world-banner-background-remixed-from-public-domain-by-nasa-scaled.jpg\" \/>\n\t<meta property=\"og:image:width\" content=\"2560\" \/>\n\t<meta property=\"og:image:height\" content=\"1706\" \/>\n\t<meta property=\"og:image:type\" content=\"image\/jpeg\" \/>\n<meta name=\"twitter:card\" content=\"summary_large_image\" \/>\n<meta name=\"twitter:label1\" content=\"Estimated reading time\" \/>\n\t<meta name=\"twitter:data1\" content=\"1 minute\" \/>\n<script type=\"application\/ld+json\" class=\"yoast-schema-graph\">{\"@context\":\"https:\/\/schema.org\",\"@graph\":[{\"@type\":\"WebPage\",\"@id\":\"https:\/\/inbul.pl\/kim-jestesmy\/dokumenty-do-pobrania\/\",\"url\":\"https:\/\/inbul.pl\/kim-jestesmy\/dokumenty-do-pobrania\/\",\"name\":\"Dokumenty do pobrania - IN-BUL - Konstrukcje stalowe\",\"isPartOf\":{\"@id\":\"https:\/\/inbul.pl\/#website\"},\"datePublished\":\"2021-06-10T09:21:24+00:00\",\"dateModified\":\"2023-01-04T09:01:33+00:00\",\"breadcrumb\":{\"@id\":\"https:\/\/inbul.pl\/kim-jestesmy\/dokumenty-do-pobrania\/#breadcrumb\"},\"inLanguage\":\"en-GB\",\"potentialAction\":[{\"@type\":\"ReadAction\",\"target\":[\"https:\/\/inbul.pl\/kim-jestesmy\/dokumenty-do-pobrania\/\"]}]},{\"@type\":\"BreadcrumbList\",\"@id\":\"https:\/\/inbul.pl\/kim-jestesmy\/dokumenty-do-pobrania\/#breadcrumb\",\"itemListElement\":[{\"@type\":\"ListItem\",\"position\":1,\"name\":\"Strona g\u0142\u00f3wna\",\"item\":\"https:\/\/inbul.pl\/\"},{\"@type\":\"ListItem\",\"position\":2,\"name\":\"Kim jeste\u015bmy\",\"item\":\"https:\/\/inbul.pl\/\"},{\"@type\":\"ListItem\",\"position\":3,\"name\":\"Dokumenty do pobrania\"}]},{\"@type\":\"WebSite\",\"@id\":\"https:\/\/inbul.pl\/#website\",\"url\":\"https:\/\/inbul.pl\/\",\"name\":\"IN-BUL - Konstrukcje stalowe\",\"description\":\"Solidno\u015b\u0107 partnerstwa w biznesie\",\"publisher\":{\"@id\":\"https:\/\/inbul.pl\/#organization\"},\"potentialAction\":[{\"@type\":\"SearchAction\",\"target\":{\"@type\":\"EntryPoint\",\"urlTemplate\":\"https:\/\/inbul.pl\/?s={search_term_string}\"},\"query-input\":\"required name=search_term_string\"}],\"inLanguage\":\"en-GB\"},{\"@type\":\"Organization\",\"@id\":\"https:\/\/inbul.pl\/#organization\",\"name\":\"IN-BUL - Konstrukcje stalowe\",\"url\":\"https:\/\/inbul.pl\/\",\"logo\":{\"@type\":\"ImageObject\",\"inLanguage\":\"en-GB\",\"@id\":\"https:\/\/inbul.pl\/#\/schema\/logo\/image\/\",\"url\":\"https:\/\/inbul.pl\/wp-content\/uploads\/2021\/06\/Logo-IN-BUL-white.png\",\"contentUrl\":\"https:\/\/inbul.pl\/wp-content\/uploads\/2021\/06\/Logo-IN-BUL-white.png\",\"width\":682,\"height\":253,\"caption\":\"IN-BUL - Konstrukcje stalowe\"},\"image\":{\"@id\":\"https:\/\/inbul.pl\/#\/schema\/logo\/image\/\"}}]}<\/script>\n<!-- \/ Yoast SEO plugin. -->","yoast_head_json":{"title":"Dokumenty do pobrania - IN-BUL - Konstrukcje stalowe","robots":{"index":"index","follow":"follow","max-snippet":"max-snippet:-1","max-image-preview":"max-image-preview:large","max-video-preview":"max-video-preview:-1"},"canonical":"https:\/\/inbul.pl\/en\/kim-jestesmy\/dokumenty-do-pobrania\/","og_locale":"en_GB","og_type":"article","og_title":"Dokumenty do pobrania - IN-BUL - Konstrukcje stalowe","og_description":"Dokumenty do pobrania: INFORMACJA O PRZEKSZTA\u0141CENIU FIRMY INBUL Og\u00f3lne warunki sprzeda\u017cy Klauzula informacyjna zgodna z RODO dla pracownik\u00f3w Klauzula informacyjna zgodna z RODO dla kandydat\u00f3w do pracy Klauzula informacyjna zgodna z RODO dla firm kt\u00f3re s\u0105 osobami fizycznymi Klauzula informacyjna zgodna z RODO dla pracownik\u00f3w, klienta lub dostawcy Polityka Zintegrowanego Systemu Zarz\u0105dzania Og\u00f3lne warunki zakupu [&hellip;]","og_url":"https:\/\/inbul.pl\/en\/kim-jestesmy\/dokumenty-do-pobrania\/","og_site_name":"IN-BUL - Konstrukcje stalowe","article_modified_time":"2023-01-04T09:01:33+00:00","og_image":[{"width":2560,"height":1706,"url":"https:\/\/inbul.pl\/wp-content\/uploads\/2021\/07\/digital-world-banner-background-remixed-from-public-domain-by-nasa-scaled.jpg","type":"image\/jpeg"}],"twitter_card":"summary_large_image","twitter_misc":{"Estimated reading time":"1 minute"},"schema":{"@context":"https:\/\/schema.org","@graph":[{"@type":"WebPage","@id":"https:\/\/inbul.pl\/kim-jestesmy\/dokumenty-do-pobrania\/","url":"https:\/\/inbul.pl\/kim-jestesmy\/dokumenty-do-pobrania\/","name":"Dokumenty do pobrania - IN-BUL - Konstrukcje stalowe","isPartOf":{"@id":"https:\/\/inbul.pl\/#website"},"datePublished":"2021-06-10T09:21:24+00:00","dateModified":"2023-01-04T09:01:33+00:00","breadcrumb":{"@id":"https:\/\/inbul.pl\/kim-jestesmy\/dokumenty-do-pobrania\/#breadcrumb"},"inLanguage":"en-GB","potentialAction":[{"@type":"ReadAction","target":["https:\/\/inbul.pl\/kim-jestesmy\/dokumenty-do-pobrania\/"]}]},{"@type":"BreadcrumbList","@id":"https:\/\/inbul.pl\/kim-jestesmy\/dokumenty-do-pobrania\/#breadcrumb","itemListElement":[{"@type":"ListItem","position":1,"name":"Strona g\u0142\u00f3wna","item":"https:\/\/inbul.pl\/"},{"@type":"ListItem","position":2,"name":"Kim jeste\u015bmy","item":"https:\/\/inbul.pl\/"},{"@type":"ListItem","position":3,"name":"Dokumenty do pobrania"}]},{"@type":"WebSite","@id":"https:\/\/inbul.pl\/#website","url":"https:\/\/inbul.pl\/","name":"IN-BUL - Konstrukcje stalowe","description":"Solidno\u015b\u0107 partnerstwa w biznesie","publisher":{"@id":"https:\/\/inbul.pl\/#organization"},"potentialAction":[{"@type":"SearchAction","target":{"@type":"EntryPoint","urlTemplate":"https:\/\/inbul.pl\/?s={search_term_string}"},"query-input":"required name=search_term_string"}],"inLanguage":"en-GB"},{"@type":"Organization","@id":"https:\/\/inbul.pl\/#organization","name":"IN-BUL - Konstrukcje stalowe","url":"https:\/\/inbul.pl\/","logo":{"@type":"ImageObject","inLanguage":"en-GB","@id":"https:\/\/inbul.pl\/#\/schema\/logo\/image\/","url":"https:\/\/inbul.pl\/wp-content\/uploads\/2021\/06\/Logo-IN-BUL-white.png","contentUrl":"https:\/\/inbul.pl\/wp-content\/uploads\/2021\/06\/Logo-IN-BUL-white.png","width":682,"height":253,"caption":"IN-BUL - Konstrukcje stalowe"},"image":{"@id":"https:\/\/inbul.pl\/#\/schema\/logo\/image\/"}}]}},"_links":{"self":[{"href":"https:\/\/inbul.pl\/en\/wp-json\/wp\/v2\/pages\/58","targetHints":{"allow":["GET"]}}],"collection":[{"href":"https:\/\/inbul.pl\/en\/wp-json\/wp\/v2\/pages"}],"about":[{"href":"https:\/\/inbul.pl\/en\/wp-json\/wp\/v2\/types\/page"}],"author":[{"embeddable":true,"href":"https:\/\/inbul.pl\/en\/wp-json\/wp\/v2\/users\/2"}],"replies":[{"embeddable":true,"href":"https:\/\/inbul.pl\/en\/wp-json\/wp\/v2\/comments?post=58"}],"version-history":[{"count":59,"href":"https:\/\/inbul.pl\/en\/wp-json\/wp\/v2\/pages\/58\/revisions"}],"predecessor-version":[{"id":3005,"href":"https:\/\/inbul.pl\/en\/wp-json\/wp\/v2\/pages\/58\/revisions\/3005"}],"up":[{"embeddable":true,"href":"https:\/\/inbul.pl\/en\/wp-json\/wp\/v2\/pages\/50"}],"wp:featuredmedia":[{"embeddable":true,"href":"https:\/\/inbul.pl\/en\/wp-json\/wp\/v2\/media\/1553"}],"wp:attachment":[{"href":"https:\/\/inbul.pl\/en\/wp-json\/wp\/v2\/media?parent=58"}],"curies":[{"name":"wp","href":"https:\/\/api.w.org\/{rel}","templated":true}]}}